{"id":9337,"date":"2020-04-23T21:35:48","date_gmt":"2020-04-23T20:35:48","guid":{"rendered":"http:\/\/vrteckonjice.splet.arnes.si\/?page_id=9337"},"modified":"2020-04-24T22:34:37","modified_gmt":"2020-04-24T21:34:37","slug":"logopedski-koticek","status":"publish","type":"page","link":"https:\/\/www.vrtec-konjice.si\/?page_id=9337","title":{"rendered":"LOGOPEDSKI KOTI\u010cEK"},"content":{"rendered":"<p>[et_pb_section bb_built=&#8221;1&#8243; admin_label=&#8221;section&#8221; background_image=&#8221;http:\/\/vrteckonjice.splet.arnes.si\/files\/2020\/04\/Slika1.jpg&#8221; transparent_background=&#8221;off&#8221; allow_player_pause=&#8221;off&#8221; inner_shadow=&#8221;off&#8221; parallax=&#8221;on&#8221; parallax_method=&#8221;off&#8221; make_fullwidth=&#8221;off&#8221; use_custom_width=&#8221;off&#8221; width_unit=&#8221;on&#8221; make_equal=&#8221;off&#8221; use_custom_gutter=&#8221;off&#8221;][et_pb_row admin_label=&#8221;Row&#8221; make_fullwidth=&#8221;off&#8221; use_custom_width=&#8221;off&#8221; width_unit=&#8221;on&#8221; use_custom_gutter=&#8221;off&#8221; background_color=&#8221;rgba(255,255,255,0.82)&#8221; allow_player_pause=&#8221;off&#8221; parallax=&#8221;off&#8221; parallax_method=&#8221;on&#8221; make_equal=&#8221;off&#8221; parallax_1=&#8221;off&#8221; parallax_method_1=&#8221;off&#8221;][et_pb_column type=&#8221;4_4&#8243;][et_pb_text admin_label=&#8221;Text&#8221; background_layout=&#8221;light&#8221; text_orientation=&#8221;left&#8221; use_border_color=&#8221;off&#8221; border_color=&#8221;#ffffff&#8221; border_style=&#8221;solid&#8221;]<\/p>\n<h2 style=\"text-align: center\">LOGOPEDSKI KOTI\u010cEK<\/h2>\n<p>[\/et_pb_text][\/et_pb_column][\/et_pb_row][et_pb_row admin_label=&#8221;Row&#8221; make_fullwidth=&#8221;off&#8221; use_custom_width=&#8221;off&#8221; width_unit=&#8221;on&#8221; use_custom_gutter=&#8221;off&#8221; background_color=&#8221;rgba(255,255,255,0.82)&#8221; allow_player_pause=&#8221;off&#8221; parallax=&#8221;off&#8221; parallax_method=&#8221;on&#8221; make_equal=&#8221;off&#8221; parallax_1=&#8221;off&#8221; parallax_method_1=&#8221;off&#8221; parallax_2=&#8221;off&#8221; parallax_method_2=&#8221;off&#8221;][et_pb_column type=&#8221;2_3&#8243;][et_pb_text admin_label=&#8221;Text&#8221; background_layout=&#8221;light&#8221; text_orientation=&#8221;left&#8221; use_border_color=&#8221;off&#8221; border_color=&#8221;#ffffff&#8221; border_style=&#8221;solid&#8221; custom_padding=&#8221;|||20px&#8221;]<\/p>\n<p>Sem Maru\u0161a in sem logopedinja v Vrtcu Slovenske Konjice. Zaposlena sem v mobilni slu\u017ebi na Osnovni \u0161oli Pod goro v Slovenskih Konjicah in se v vrtec vklju\u010dujem kot izvajalka dodatne strokovne pomo\u010di.<\/p>\n<p>Pri delu z otroki sem ustvarjalna in se trudim \u010dimbolj pribli\u017eati njihovim individualnim potrebam. Vedno imam v mislih, da je otrokova najpomembnej\u0161a oblika u\u010denja igra. Tako posku\u0161am vse logopedske vaje otrokom predstaviti na zabaven na\u010din.<\/p>\n<p>V zavihku Logopedski koti\u010dek boste na\u0161li informacije o govorno-jezikovnem razvoju otroka, o tem, kdaj je potrebno k logopedu, kako spodbujati govorni in jezikovni razvoj doma, med igro in \u0161e druge zanimivosti.<\/p>\n<p>Maru\u0161a Pokli\u010d,<\/p>\n<p>logopedinja<\/p>\n<p>[\/et_pb_text][et_pb_divider admin_label=&#8221;Divider&#8221; color=&#8221;#ffffff&#8221; show_divider=&#8221;off&#8221; height=&#8221;40&#8243; divider_style=&#8221;groove&#8221; divider_position=&#8221;top&#8221; hide_on_mobile=&#8221;on&#8221; \/][\/et_pb_column][et_pb_column type=&#8221;1_3&#8243;][et_pb_text admin_label=&#8221;Text&#8221; background_layout=&#8221;light&#8221; text_orientation=&#8221;left&#8221; use_border_color=&#8221;off&#8221; border_color=&#8221;#ffffff&#8221; border_style=&#8221;solid&#8221;]<\/p>\n<p style=\"text-align: center\"><a href=\"http:\/\/vrteckonjice.splet.arnes.si\/files\/2020\/04\/Maru\u0161aP.jpg\"><img loading=\"lazy\" decoding=\"async\" class=\"alignnone size-medium wp-image-9371\" src=\"http:\/\/vrteckonjice.splet.arnes.si\/files\/2020\/04\/Maru\u0161aP-225x300.jpg\" alt=\"\" width=\"225\" height=\"300\" srcset=\"https:\/\/www.vrtec-konjice.si\/files\/2020\/04\/Maru\u0161aP-225x300.jpg 225w, https:\/\/www.vrtec-konjice.si\/files\/2020\/04\/Maru\u0161aP-768x1024.jpg 768w, https:\/\/www.vrtec-konjice.si\/files\/2020\/04\/Maru\u0161aP-1080x1440.jpg 1080w, https:\/\/www.vrtec-konjice.si\/files\/2020\/04\/Maru\u0161aP.jpg 1627w\" sizes=\"(max-width: 225px) 100vw, 225px\" \/><\/a><\/p>\n<p>[\/et_pb_text][et_pb_divider admin_label=&#8221;Divider&#8221; color=&#8221;#ffffff&#8221; show_divider=&#8221;off&#8221; height=&#8221;40&#8243; divider_style=&#8221;groove&#8221; divider_position=&#8221;top&#8221; hide_on_mobile=&#8221;on&#8221; \/][\/et_pb_column][\/et_pb_row][et_pb_row admin_label=&#8221;Row&#8221;][et_pb_column type=&#8221;4_4&#8243;][et_pb_divider admin_label=&#8221;Divider&#8221; color=&#8221;#ffffff&#8221; show_divider=&#8221;off&#8221; height=&#8221;20&#8243; divider_style=&#8221;groove&#8221; divider_position=&#8221;top&#8221; hide_on_mobile=&#8221;on&#8221; \/][\/et_pb_column][\/et_pb_row][et_pb_row admin_label=&#8221;Row&#8221; make_fullwidth=&#8221;off&#8221; use_custom_width=&#8221;off&#8221; width_unit=&#8221;on&#8221; use_custom_gutter=&#8221;off&#8221; background_color=&#8221;rgba(255,255,255,0.82)&#8221; allow_player_pause=&#8221;off&#8221; parallax=&#8221;off&#8221; parallax_method=&#8221;on&#8221; make_equal=&#8221;off&#8221; parallax_1=&#8221;off&#8221; parallax_method_1=&#8221;off&#8221;][et_pb_column type=&#8221;1_2&#8243;][et_pb_divider admin_label=&#8221;Divider&#8221; color=&#8221;#ffffff&#8221; show_divider=&#8221;off&#8221; height=&#8221;20&#8243; divider_style=&#8221;groove&#8221; divider_position=&#8221;top&#8221; hide_on_mobile=&#8221;on&#8221; \/][et_pb_text admin_label=&#8221;Text&#8221; background_layout=&#8221;light&#8221; text_orientation=&#8221;left&#8221; use_border_color=&#8221;off&#8221; border_color=&#8221;#ffffff&#8221; border_style=&#8221;solid&#8221; custom_padding=&#8221;|||20px&#8221;]<\/p>\n<h5><a href=\"http:\/\/vrteckonjice.splet.arnes.si\/files\/2020\/04\/Govorno-jezikovni-razvoj-otroka.pdf\">Govorno jezikovni razvoj otroka<\/a><\/h5>\n<h5><a href=\"http:\/\/vrteckonjice.splet.arnes.si\/files\/2020\/04\/Kako-komunicirati-z-otrokom.pdf\">Kako komunicirati z otrokom<\/a><\/h5>\n<h5><a href=\"http:\/\/vrteckonjice.splet.arnes.si\/files\/2020\/04\/Pomen-branja-v-pred\u0161olskem-obdobju.docx.pdf\">Pomen branja v pred\u0161olskem obdobju.docx<\/a><\/h5>\n<h5><a href=\"http:\/\/vrteckonjice.splet.arnes.si\/files\/2020\/04\/Vpliv-dude-na-oralno-motori\u010dni-razvoj-otroka.pdf\">Vpliv dude na oralno motori\u010dni razvoj otroka<\/a><\/h5>\n<p>[\/et_pb_text][\/et_pb_column][et_pb_column type=&#8221;1_2&#8243;][et_pb_divider admin_label=&#8221;Divider&#8221; color=&#8221;#ffffff&#8221; show_divider=&#8221;off&#8221; height=&#8221;20&#8243; divider_style=&#8221;groove&#8221; divider_position=&#8221;top&#8221; hide_on_mobile=&#8221;on&#8221; \/][et_pb_text admin_label=&#8221;Text&#8221; background_layout=&#8221;light&#8221; text_orientation=&#8221;left&#8221; use_border_color=&#8221;off&#8221; border_color=&#8221;#ffffff&#8221; border_style=&#8221;solid&#8221; custom_padding=&#8221;|20px||&#8221;] \n<!-- iframe plugin v.5.2 wordpress.org\/plugins\/iframe\/ -->\n<iframe loading=\"lazy\" width=\"640\" height=\"360\" src=\"https:\/\/video.arnes.si\/portal\/api\/asset\/embed\/p1gfhNiWepvgrqhgkccdKmLz\" frameborder=\"0\" webkitallowfullscreen mozallowfullscreen allowfullscreen scrolling=\"yes\" class=\"iframe-class\" name=\"ARNES\"><\/iframe>\n [\/et_pb_text][\/et_pb_column][\/et_pb_row][et_pb_row admin_label=&#8221;Row&#8221;][et_pb_column type=&#8221;4_4&#8243;][et_pb_divider admin_label=&#8221;Divider&#8221; color=&#8221;#ffffff&#8221; show_divider=&#8221;off&#8221; height=&#8221;100&#8243; divider_style=&#8221;groove&#8221; divider_position=&#8221;top&#8221; hide_on_mobile=&#8221;on&#8221; \/][\/et_pb_column][\/et_pb_row][\/et_pb_section]<\/p>\n","protected":false},"excerpt":{"rendered":"<p>LOGOPEDSKI KOTI\u010cEK Sem Maru\u0161a in sem logopedinja v Vrtcu Slovenske Konjice. Zaposlena sem v mobilni slu\u017ebi na Osnovni \u0161oli Pod goro v Slovenskih Konjicah in se v vrtec vklju\u010dujem kot izvajalka dodatne strokovne pomo\u010di. Pri delu z otroki sem ustvarjalna in se trudim \u010dimbolj pribli\u017eati njihovim individualnim potrebam. Vedno imam v mislih, da je otrokova [&hellip;]<\/p>\n","protected":false},"author":3129,"featured_media":0,"parent":8787,"menu_order":0,"comment_status":"closed","ping_status":"closed","template":"","meta":{"_et_pb_use_builder":"on","_et_pb_old_content":"","_et_gb_content_width":"","ngg_post_thumbnail":0,"footnotes":""},"class_list":["post-9337","page","type-page","status-publish","hentry"],"_links":{"self":[{"href":"https:\/\/www.vrtec-konjice.si\/index.php?rest_route=\/wp\/v2\/pages\/9337","targetHints":{"allow":["GET"]}}],"collection":[{"href":"https:\/\/www.vrtec-konjice.si\/index.php?rest_route=\/wp\/v2\/pages"}],"about":[{"href":"https:\/\/www.vrtec-konjice.si\/index.php?rest_route=\/wp\/v2\/types\/page"}],"author":[{"embeddable":true,"href":"https:\/\/www.vrtec-konjice.si\/index.php?rest_route=\/wp\/v2\/users\/3129"}],"replies":[{"embeddable":true,"href":"https:\/\/www.vrtec-konjice.si\/index.php?rest_route=%2Fwp%2Fv2%2Fcomments&post=9337"}],"version-history":[{"count":7,"href":"https:\/\/www.vrtec-konjice.si\/index.php?rest_route=\/wp\/v2\/pages\/9337\/revisions"}],"predecessor-version":[{"id":9449,"href":"https:\/\/www.vrtec-konjice.si\/index.php?rest_route=\/wp\/v2\/pages\/9337\/revisions\/9449"}],"up":[{"embeddable":true,"href":"https:\/\/www.vrtec-konjice.si\/index.php?rest_route=\/wp\/v2\/pages\/8787"}],"wp:attachment":[{"href":"https:\/\/www.vrtec-konjice.si\/index.php?rest_route=%2Fwp%2Fv2%2Fmedia&parent=9337"}],"curies":[{"name":"wp","href":"https:\/\/api.w.org\/{rel}","templated":true}]}}