{"id":9155,"date":"2020-04-20T16:46:01","date_gmt":"2020-04-20T15:46:01","guid":{"rendered":"http:\/\/vrteckonjice.splet.arnes.si\/?page_id=9155"},"modified":"2020-05-01T15:38:04","modified_gmt":"2020-05-01T14:38:04","slug":"jurjevanje","status":"publish","type":"page","link":"https:\/\/www.vrtec-konjice.si\/?page_id=9155","title":{"rendered":"JURJEVANJE"},"content":{"rendered":"<p>[et_pb_section bb_built=&#8221;1&#8243; admin_label=&#8221;section&#8221; background_image=&#8221;http:\/\/vrteckonjice.splet.arnes.si\/files\/2020\/04\/Ozadje.jpg&#8221; transparent_background=&#8221;off&#8221; allow_player_pause=&#8221;off&#8221; inner_shadow=&#8221;off&#8221; parallax=&#8221;on&#8221; parallax_method=&#8221;off&#8221; make_fullwidth=&#8221;off&#8221; use_custom_width=&#8221;off&#8221; width_unit=&#8221;on&#8221; make_equal=&#8221;off&#8221; use_custom_gutter=&#8221;off&#8221; background_color=&#8221;rgba(255,255,255,0.37)&#8221;][et_pb_row admin_label=&#8221;Row&#8221; make_fullwidth=&#8221;off&#8221; use_custom_width=&#8221;off&#8221; width_unit=&#8221;on&#8221; use_custom_gutter=&#8221;off&#8221; background_color=&#8221;rgba(0,0,0,0.38)&#8221; allow_player_pause=&#8221;off&#8221; parallax=&#8221;off&#8221; parallax_method=&#8221;on&#8221; make_equal=&#8221;off&#8221; parallax_1=&#8221;off&#8221; parallax_method_1=&#8221;off&#8221;][et_pb_column type=&#8221;4_4&#8243;][et_pb_divider admin_label=&#8221;Divider&#8221; color=&#8221;#ffffff&#8221; show_divider=&#8221;off&#8221; height=&#8221;20&#8243; divider_style=&#8221;groove&#8221; divider_position=&#8221;top&#8221; hide_on_mobile=&#8221;on&#8221; \/][\/et_pb_column][\/et_pb_row][et_pb_row admin_label=&#8221;row&#8221; make_fullwidth=&#8221;off&#8221; use_custom_width=&#8221;off&#8221; width_unit=&#8221;on&#8221; use_custom_gutter=&#8221;off&#8221; background_color=&#8221;rgba(255,255,255,0.88)&#8221; allow_player_pause=&#8221;off&#8221; parallax=&#8221;off&#8221; parallax_method=&#8221;on&#8221; make_equal=&#8221;off&#8221; parallax_1=&#8221;off&#8221; parallax_method_1=&#8221;off&#8221;][et_pb_column type=&#8221;4_4&#8243;][et_pb_text admin_label=&#8221;Text&#8221; background_layout=&#8221;light&#8221; text_orientation=&#8221;left&#8221; use_border_color=&#8221;off&#8221; border_color=&#8221;#ffffff&#8221; border_style=&#8221;solid&#8221;]<\/p>\n<h2 style=\"text-align: center\">V KONJI\u0160KI GORI JE NEMIR<\/h2>\n<p>[\/et_pb_text][\/et_pb_column][\/et_pb_row][et_pb_row admin_label=&#8221;Row&#8221;][et_pb_column type=&#8221;4_4&#8243;][et_pb_divider admin_label=&#8221;Divider&#8221; color=&#8221;#ffffff&#8221; show_divider=&#8221;off&#8221; height=&#8221;20&#8243; divider_style=&#8221;groove&#8221; divider_position=&#8221;top&#8221; hide_on_mobile=&#8221;on&#8221; \/][\/et_pb_column][\/et_pb_row][et_pb_row admin_label=&#8221;Row&#8221; make_fullwidth=&#8221;off&#8221; use_custom_width=&#8221;off&#8221; width_unit=&#8221;on&#8221; use_custom_gutter=&#8221;off&#8221; background_color=&#8221;rgba(255,255,255,0.88)&#8221; allow_player_pause=&#8221;off&#8221; parallax=&#8221;off&#8221; parallax_method=&#8221;on&#8221; make_equal=&#8221;off&#8221; parallax_1=&#8221;off&#8221; parallax_method_1=&#8221;off&#8221; parallax_2=&#8221;off&#8221; parallax_method_2=&#8221;off&#8221;][et_pb_column type=&#8221;1_2&#8243;][et_pb_divider admin_label=&#8221;Divider&#8221; color=&#8221;#ffffff&#8221; show_divider=&#8221;off&#8221; height=&#8221;60&#8243; divider_style=&#8221;groove&#8221; divider_position=&#8221;top&#8221; hide_on_mobile=&#8221;on&#8221; \/][et_pb_text admin_label=&#8221;Text&#8221; background_layout=&#8221;light&#8221; text_orientation=&#8221;left&#8221; use_border_color=&#8221;off&#8221; border_color=&#8221;#ffffff&#8221; border_style=&#8221;solid&#8221; custom_padding=&#8221;|||20px&#8221;]<\/p>\n<p><a href=\"http:\/\/vrteckonjice.splet.arnes.si\/files\/2020\/04\/1111-1.jpg\"><img loading=\"lazy\" decoding=\"async\" class=\"alignright wp-image-9231\" src=\"http:\/\/vrteckonjice.splet.arnes.si\/files\/2020\/04\/1111-1-300x200.jpg\" alt=\"\" width=\"500\" height=\"334\" srcset=\"https:\/\/www.vrtec-konjice.si\/files\/2020\/04\/1111-1-300x200.jpg 300w, https:\/\/www.vrtec-konjice.si\/files\/2020\/04\/1111-1-768x513.jpg 768w, https:\/\/www.vrtec-konjice.si\/files\/2020\/04\/1111-1.jpg 878w\" sizes=\"(max-width: 500px) 100vw, 500px\" \/><\/a><\/p>\n<audio class=\"wp-audio-shortcode\" id=\"audio-9155-1\" preload=\"none\" style=\"width: 100%;\" controls=\"controls\"><source type=\"audio\/mpeg\" src=\"http:\/\/vrteckonjice.splet.arnes.si\/files\/2020\/04\/Grad-gradi\u010dek.mp3?_=1\" \/><a href=\"http:\/\/vrteckonjice.splet.arnes.si\/files\/2020\/04\/Grad-gradi\u010dek.mp3\">http:\/\/vrteckonjice.splet.arnes.si\/files\/2020\/04\/Grad-gradi\u010dek.mp3<\/a><\/audio>\n<p>[\/et_pb_text][et_pb_divider admin_label=&#8221;Divider&#8221; color=&#8221;#ffffff&#8221; show_divider=&#8221;off&#8221; height=&#8221;20&#8243; divider_style=&#8221;groove&#8221; divider_position=&#8221;top&#8221; hide_on_mobile=&#8221;on&#8221; \/][\/et_pb_column][et_pb_column type=&#8221;1_2&#8243;][et_pb_text admin_label=&#8221;Text&#8221; background_layout=&#8221;light&#8221; text_orientation=&#8221;left&#8221; use_border_color=&#8221;off&#8221; border_color=&#8221;#ffffff&#8221; border_style=&#8221;solid&#8221;]<\/p>\n<h3 style=\"text-align: left\">POSLU\u0160JAMO<\/h3>\n<p>[\/et_pb_text][et_pb_text admin_label=&#8221;Text&#8221; background_layout=&#8221;light&#8221; text_orientation=&#8221;left&#8221; use_border_color=&#8221;off&#8221; border_color=&#8221;#ffffff&#8221; border_style=&#8221;solid&#8221;]<\/p>\n<h5 style=\"text-align: left\"><a href=\"http:\/\/vrteckonjice.splet.arnes.si\/files\/2020\/04\/Besedilo-pesmi-GRAD-GRADI\u010cEK.pdf\">Grad gradi\u010dek<\/a><\/h5>\n<p>[\/et_pb_text][\/et_pb_column][\/et_pb_row][et_pb_row admin_label=&#8221;Row&#8221; make_fullwidth=&#8221;off&#8221; use_custom_width=&#8221;off&#8221; width_unit=&#8221;on&#8221; use_custom_gutter=&#8221;off&#8221; background_color=&#8221;rgba(255,255,255,0.88)&#8221; allow_player_pause=&#8221;off&#8221; parallax=&#8221;off&#8221; parallax_method=&#8221;on&#8221; make_equal=&#8221;off&#8221; parallax_1=&#8221;off&#8221; parallax_method_1=&#8221;off&#8221; parallax_2=&#8221;off&#8221; parallax_method_2=&#8221;off&#8221;][et_pb_column type=&#8221;1_2&#8243;][et_pb_divider admin_label=&#8221;Divider&#8221; color=&#8221;#ffffff&#8221; show_divider=&#8221;off&#8221; height=&#8221;20&#8243; divider_style=&#8221;groove&#8221; divider_position=&#8221;top&#8221; hide_on_mobile=&#8221;on&#8221; \/][et_pb_text admin_label=&#8221;Text&#8221; background_layout=&#8221;light&#8221; text_orientation=&#8221;left&#8221; use_border_color=&#8221;off&#8221; border_color=&#8221;#ffffff&#8221; border_style=&#8221;solid&#8221; custom_padding=&#8221;|||20px&#8221;]<\/p>\n<p><a href=\"http:\/\/vrteckonjice.splet.arnes.si\/files\/2020\/04\/20190425_104556-1080x6754.jpg\"><img loading=\"lazy\" decoding=\"async\" class=\"alignright wp-image-9233\" src=\"http:\/\/vrteckonjice.splet.arnes.si\/files\/2020\/04\/20190425_104556-1080x6754-300x200.jpg\" alt=\"\" width=\"500\" height=\"334\" srcset=\"https:\/\/www.vrtec-konjice.si\/files\/2020\/04\/20190425_104556-1080x6754-300x200.jpg 300w, https:\/\/www.vrtec-konjice.si\/files\/2020\/04\/20190425_104556-1080x6754.jpg 596w\" sizes=\"(max-width: 500px) 100vw, 500px\" \/><\/a><\/p>\n<audio class=\"wp-audio-shortcode\" id=\"audio-9155-2\" preload=\"none\" style=\"width: 100%;\" controls=\"controls\"><source type=\"audio\/mpeg\" src=\"http:\/\/vrteckonjice.splet.arnes.si\/files\/2020\/04\/Konji\u0161ke-gore-zmaj.mp3?_=2\" \/><a href=\"http:\/\/vrteckonjice.splet.arnes.si\/files\/2020\/04\/Konji\u0161ke-gore-zmaj.mp3\">http:\/\/vrteckonjice.splet.arnes.si\/files\/2020\/04\/Konji\u0161ke-gore-zmaj.mp3<\/a><\/audio>\n<p>[\/et_pb_text][et_pb_divider admin_label=&#8221;Divider&#8221; color=&#8221;#ffffff&#8221; show_divider=&#8221;off&#8221; height=&#8221;20&#8243; divider_style=&#8221;groove&#8221; divider_position=&#8221;top&#8221; hide_on_mobile=&#8221;on&#8221; \/][\/et_pb_column][et_pb_column type=&#8221;1_2&#8243;][et_pb_divider admin_label=&#8221;Divider&#8221; color=&#8221;#ffffff&#8221; show_divider=&#8221;off&#8221; height=&#8221;20&#8243; divider_style=&#8221;groove&#8221; divider_position=&#8221;top&#8221; hide_on_mobile=&#8221;on&#8221; \/][et_pb_text admin_label=&#8221;Text&#8221; background_layout=&#8221;light&#8221; text_orientation=&#8221;left&#8221; use_border_color=&#8221;off&#8221; border_color=&#8221;#ffffff&#8221; border_style=&#8221;solid&#8221;]<\/p>\n<h5 style=\"text-align: left\"><a href=\"http:\/\/vrteckonjice.splet.arnes.si\/files\/2020\/04\/Besedilo-pesmi-KONJI\u0160KE-GORE-ZMAJ.pdf\">Konji\u0161ke gore zmaj<\/a><\/h5>\n<p>[\/et_pb_text][\/et_pb_column][\/et_pb_row][et_pb_row admin_label=&#8221;Row&#8221; make_fullwidth=&#8221;off&#8221; use_custom_width=&#8221;off&#8221; width_unit=&#8221;on&#8221; use_custom_gutter=&#8221;off&#8221; background_color=&#8221;rgba(255,255,255,0.88)&#8221; allow_player_pause=&#8221;off&#8221; parallax=&#8221;off&#8221; parallax_method=&#8221;on&#8221; make_equal=&#8221;off&#8221; parallax_1=&#8221;off&#8221; parallax_method_1=&#8221;off&#8221; parallax_2=&#8221;off&#8221; parallax_method_2=&#8221;off&#8221;][et_pb_column type=&#8221;1_2&#8243;][et_pb_divider admin_label=&#8221;Divider&#8221; color=&#8221;#ffffff&#8221; show_divider=&#8221;off&#8221; height=&#8221;20&#8243; divider_style=&#8221;groove&#8221; divider_position=&#8221;top&#8221; hide_on_mobile=&#8221;on&#8221; \/][et_pb_text admin_label=&#8221;Text&#8221; background_layout=&#8221;light&#8221; text_orientation=&#8221;left&#8221; use_border_color=&#8221;off&#8221; border_color=&#8221;#ffffff&#8221; border_style=&#8221;solid&#8221; custom_padding=&#8221;|||20px&#8221;]<\/p>\n<p style=\"text-align: right\"><a href=\"http:\/\/vrteckonjice.splet.arnes.si\/files\/2020\/04\/IMG_2083-1024x768-1.jpg\"><img loading=\"lazy\" decoding=\"async\" class=\"alignright wp-image-9469\" src=\"http:\/\/vrteckonjice.splet.arnes.si\/files\/2020\/04\/IMG_2083-1024x768-1.jpg\" alt=\"\" width=\"500\" height=\"334\" srcset=\"https:\/\/www.vrtec-konjice.si\/files\/2020\/04\/IMG_2083-1024x768-1.jpg 701w, https:\/\/www.vrtec-konjice.si\/files\/2020\/04\/IMG_2083-1024x768-1-300x200.jpg 300w\" sizes=\"(max-width: 500px) 100vw, 500px\" \/><\/a><\/p>\n<audio class=\"wp-audio-shortcode\" id=\"audio-9155-3\" preload=\"none\" style=\"width: 100%;\" controls=\"controls\"><source type=\"audio\/mpeg\" src=\"http:\/\/vrteckonjice.splet.arnes.si\/files\/2020\/04\/Nemir-v-gori.mp3?_=3\" \/><a href=\"http:\/\/vrteckonjice.splet.arnes.si\/files\/2020\/04\/Nemir-v-gori.mp3\">http:\/\/vrteckonjice.splet.arnes.si\/files\/2020\/04\/Nemir-v-gori.mp3<\/a><\/audio>\n<p>[\/et_pb_text][et_pb_divider admin_label=&#8221;Divider&#8221; color=&#8221;#ffffff&#8221; show_divider=&#8221;off&#8221; height=&#8221;20&#8243; divider_style=&#8221;groove&#8221; divider_position=&#8221;top&#8221; hide_on_mobile=&#8221;on&#8221; \/][\/et_pb_column][et_pb_column type=&#8221;1_2&#8243;][et_pb_divider admin_label=&#8221;Divider&#8221; color=&#8221;#ffffff&#8221; show_divider=&#8221;off&#8221; height=&#8221;20&#8243; divider_style=&#8221;groove&#8221; divider_position=&#8221;top&#8221; hide_on_mobile=&#8221;on&#8221; \/][et_pb_text admin_label=&#8221;Text&#8221; background_layout=&#8221;light&#8221; text_orientation=&#8221;left&#8221; use_border_color=&#8221;off&#8221; border_color=&#8221;#ffffff&#8221; border_style=&#8221;solid&#8221;]<\/p>\n<h5 style=\"text-align: left\"><a href=\"http:\/\/vrteckonjice.splet.arnes.si\/files\/2020\/04\/Besedilo-pesmi-NEMIR-V-GORI.pdf\">Nemir v gori<\/a><\/h5>\n<p>[\/et_pb_text][\/et_pb_column][\/et_pb_row][et_pb_row admin_label=&#8221;Row&#8221;][et_pb_column type=&#8221;4_4&#8243;][et_pb_divider admin_label=&#8221;Divider&#8221; color=&#8221;#ffffff&#8221; show_divider=&#8221;off&#8221; height=&#8221;20&#8243; divider_style=&#8221;groove&#8221; divider_position=&#8221;top&#8221; hide_on_mobile=&#8221;on&#8221; \/][\/et_pb_column][\/et_pb_row][et_pb_row admin_label=&#8221;Row&#8221; make_fullwidth=&#8221;off&#8221; use_custom_width=&#8221;off&#8221; width_unit=&#8221;on&#8221; use_custom_gutter=&#8221;off&#8221; background_color=&#8221;rgba(255,255,255,0.88)&#8221; allow_player_pause=&#8221;off&#8221; parallax=&#8221;off&#8221; parallax_method=&#8221;on&#8221; make_equal=&#8221;off&#8221; parallax_1=&#8221;off&#8221; parallax_method_1=&#8221;off&#8221; parallax_2=&#8221;off&#8221; parallax_method_2=&#8221;off&#8221;][et_pb_column type=&#8221;1_2&#8243;][et_pb_text admin_label=&#8221;Text&#8221; background_layout=&#8221;light&#8221; text_orientation=&#8221;left&#8221; use_border_color=&#8221;off&#8221; border_color=&#8221;#ffffff&#8221; border_style=&#8221;solid&#8221; custom_padding=&#8221;|||20px&#8221;]<\/p>\n<h2 style=\"text-align: right\">USTVARJAJMO<\/h2>\n<h5 style=\"text-align: right\"><\/h5>\n<p>[\/et_pb_text][et_pb_text admin_label=&#8221;Text&#8221; background_layout=&#8221;light&#8221; text_orientation=&#8221;left&#8221; use_border_color=&#8221;off&#8221; border_color=&#8221;#ffffff&#8221; border_style=&#8221;solid&#8221; custom_padding=&#8221;|||20px&#8221;]<\/p>\n<h5 style=\"text-align: left\"><a href=\"http:\/\/vrteckonjice.splet.arnes.si\/files\/2020\/04\/LEGENDA-O-KONJI\u0160KEM-ZMAJU.pdf\">&#8220;Legenda o konji\u0161kem zmaju&#8221;<\/a><\/h5>\n<p>[\/et_pb_text][et_pb_text admin_label=&#8221;Text&#8221; background_layout=&#8221;light&#8221; text_orientation=&#8221;left&#8221; use_border_color=&#8221;off&#8221; border_color=&#8221;#ffffff&#8221; border_style=&#8221;solid&#8221; custom_padding=&#8221;|||20px&#8221;]<\/p>\n<h5 style=\"text-align: left\"><a href=\"http:\/\/vrteckonjice.splet.arnes.si\/files\/2020\/04\/Dru\u017eabna-igra-ZMAJ-IN-VITEZ-JURIJ.pdf\">Dru\u017eabna igra &#8220;Zmaj in in vitez Jurij&#8221;<\/a><\/h5>\n<p>[\/et_pb_text][et_pb_text admin_label=&#8221;Text&#8221; background_layout=&#8221;light&#8221; text_orientation=&#8221;left&#8221; use_border_color=&#8221;off&#8221; border_color=&#8221;#ffffff&#8221; border_style=&#8221;solid&#8221; custom_padding=&#8221;|||20px&#8221;]<\/p>\n<h5 style=\"text-align: left\"><a href=\"http:\/\/vrteckonjice.splet.arnes.si\/files\/2020\/04\/Konj-na-palici.pdf\">&#8220;Konj na palici&#8221;<\/a><\/h5>\n<p>[\/et_pb_text][et_pb_text admin_label=&#8221;Text&#8221; background_layout=&#8221;light&#8221; text_orientation=&#8221;left&#8221; use_border_color=&#8221;off&#8221; border_color=&#8221;#ffffff&#8221; border_style=&#8221;solid&#8221; custom_padding=&#8221;|||20px&#8221;]<\/p>\n<h5 style=\"text-align: left\"><a href=\"http:\/\/vrteckonjice.splet.arnes.si\/files\/2020\/04\/LABIRINT.pdf\">&#8220;Labirint&#8221;<\/a><\/h5>\n<p>[\/et_pb_text][et_pb_text admin_label=&#8221;Text&#8221; background_layout=&#8221;light&#8221; text_orientation=&#8221;left&#8221; use_border_color=&#8221;off&#8221; border_color=&#8221;#ffffff&#8221; border_style=&#8221;solid&#8221; custom_padding=&#8221;|||20px&#8221;]<\/p>\n<h5 style=\"text-align: left\"><a href=\"http:\/\/vrteckonjice.splet.arnes.si\/files\/2020\/04\/Igra-GRAD.pdf\">&#8220;Igra grad&#8221;<\/a><\/h5>\n<p>[\/et_pb_text][et_pb_text admin_label=&#8221;Text&#8221; background_layout=&#8221;light&#8221; text_orientation=&#8221;left&#8221; use_border_color=&#8221;off&#8221; border_color=&#8221;#ffffff&#8221; border_style=&#8221;solid&#8221; custom_padding=&#8221;|||20px&#8221;]<\/p>\n<h5 style=\"text-align: left\"><a href=\"http:\/\/vrteckonjice.splet.arnes.si\/files\/2020\/04\/Izdelaj-si-mini-gledali\u0161\u010de-GRAD.pdf\">&#8220;Izdelaj si mini gledali\u0161\u010de &#8211; grad&#8221;<\/a><\/h5>\n<p>[\/et_pb_text][et_pb_text admin_label=&#8221;Text&#8221; background_layout=&#8221;light&#8221; text_orientation=&#8221;left&#8221; use_border_color=&#8221;off&#8221; border_color=&#8221;#ffffff&#8221; border_style=&#8221;solid&#8221; custom_padding=&#8221;|||20px&#8221;]<\/p>\n<h5 style=\"text-align: left\"><a href=\"http:\/\/vrteckonjice.splet.arnes.si\/files\/2020\/04\/Izdelaj-si-VITE\u0160KO-\u010cELADO.pdf\">&#8220;Izdelaj si vite\u0161ko \u010delado&#8221;<\/a><\/h5>\n<p>[\/et_pb_text][et_pb_text admin_label=&#8221;Text&#8221; background_layout=&#8221;light&#8221; text_orientation=&#8221;left&#8221; use_border_color=&#8221;off&#8221; border_color=&#8221;#ffffff&#8221; border_style=&#8221;solid&#8221; custom_padding=&#8221;|||20px&#8221;]<\/p>\n<h5 style=\"text-align: left\"><a href=\"http:\/\/vrteckonjice.splet.arnes.si\/files\/2020\/04\/Ustvarjajmo-ZMAJE.pdf\">&#8220;Ustvarjajmo zmaje&#8221;<\/a><\/h5>\n<p>[\/et_pb_text][et_pb_divider admin_label=&#8221;Divider&#8221; color=&#8221;#ffffff&#8221; show_divider=&#8221;off&#8221; height=&#8221;20&#8243; divider_style=&#8221;groove&#8221; divider_position=&#8221;top&#8221; hide_on_mobile=&#8221;on&#8221; \/][\/et_pb_column][et_pb_column type=&#8221;1_2&#8243;][et_pb_divider admin_label=&#8221;Divider&#8221; color=&#8221;#ffffff&#8221; show_divider=&#8221;off&#8221; height=&#8221;60&#8243; divider_style=&#8221;groove&#8221; divider_position=&#8221;top&#8221; hide_on_mobile=&#8221;on&#8221; \/][et_pb_text admin_label=&#8221;Text&#8221; background_layout=&#8221;light&#8221; text_orientation=&#8221;left&#8221; use_border_color=&#8221;off&#8221; border_color=&#8221;#ffffff&#8221; border_style=&#8221;solid&#8221; custom_padding=&#8221;|20px||&#8221;]<\/p>\n<p>Legenda o konji\u0161kem zmaju<\/p>\n<p>\n<!-- iframe plugin v.5.2 wordpress.org\/plugins\/iframe\/ -->\n<iframe loading=\"lazy\" width=\"640\" height=\"360\" src=\"https:\/\/video.arnes.si\/portal\/api\/asset\/embed\/LZNShEhbjrXEjuHW8gIR3YNR\" frameborder=\"0\" webkitallowfullscreen mozallowfullscreen allowfullscreen scrolling=\"yes\" class=\"iframe-class\" name=\"ARNES\"><\/iframe>\n [\/et_pb_text][et_pb_divider admin_label=&#8221;Divider&#8221; color=&#8221;#ffffff&#8221; show_divider=&#8221;off&#8221; height=&#8221;20&#8243; divider_style=&#8221;groove&#8221; divider_position=&#8221;top&#8221; hide_on_mobile=&#8221;on&#8221; \/][et_pb_text admin_label=&#8221;Text&#8221; background_layout=&#8221;light&#8221; text_orientation=&#8221;left&#8221; use_border_color=&#8221;off&#8221; border_color=&#8221;#ffffff&#8221; border_style=&#8221;solid&#8221; custom_padding=&#8221;|20px||&#8221;]<\/p>\n<h5 style=\"text-align: left\">Krona za marjetico in \u010delada za viteza<\/h5>\n<p style=\"text-align: left\">\n<!-- iframe plugin v.5.2 wordpress.org\/plugins\/iframe\/ -->\n<iframe loading=\"lazy\" width=\"640\" height=\"360\" src=\"https:\/\/video.arnes.si\/portal\/api\/asset\/embed\/w2AIrZCQbPqHZeYYUVBGGe4S\" frameborder=\"0\" webkitallowfullscreen mozallowfullscreen allowfullscreen scrolling=\"yes\" class=\"iframe-class\" name=\"ARNES\"><\/iframe>\n [\/et_pb_text][et_pb_divider admin_label=&#8221;Divider&#8221; color=&#8221;#ffffff&#8221; show_divider=&#8221;off&#8221; height=&#8221;20&#8243; divider_style=&#8221;groove&#8221; divider_position=&#8221;top&#8221; hide_on_mobile=&#8221;on&#8221; \/][\/et_pb_column][\/et_pb_row][et_pb_row admin_label=&#8221;Row&#8221;][et_pb_column type=&#8221;4_4&#8243;][et_pb_divider admin_label=&#8221;Divider&#8221; color=&#8221;#ffffff&#8221; show_divider=&#8221;off&#8221; height=&#8221;20&#8243; divider_style=&#8221;groove&#8221; divider_position=&#8221;top&#8221; hide_on_mobile=&#8221;on&#8221; \/][\/et_pb_column][\/et_pb_row][et_pb_row admin_label=&#8221;Row&#8221; make_fullwidth=&#8221;off&#8221; use_custom_width=&#8221;off&#8221; width_unit=&#8221;on&#8221; use_custom_gutter=&#8221;off&#8221; background_color=&#8221;rgba(255,255,255,0.88)&#8221; allow_player_pause=&#8221;off&#8221; parallax=&#8221;off&#8221; parallax_method=&#8221;on&#8221; make_equal=&#8221;off&#8221; parallax_1=&#8221;off&#8221; parallax_method_1=&#8221;off&#8221; parallax_2=&#8221;off&#8221; parallax_method_2=&#8221;off&#8221;][et_pb_column type=&#8221;1_2&#8243;][et_pb_divider admin_label=&#8221;Divider&#8221; color=&#8221;#ffffff&#8221; show_divider=&#8221;off&#8221; height=&#8221;60&#8243; divider_style=&#8221;groove&#8221; divider_position=&#8221;top&#8221; hide_on_mobile=&#8221;on&#8221; \/][et_pb_text admin_label=&#8221;Text&#8221; background_layout=&#8221;light&#8221; text_orientation=&#8221;left&#8221; use_border_color=&#8221;off&#8221; border_color=&#8221;#ffffff&#8221; border_style=&#8221;solid&#8221; custom_padding=&#8221;|||20px&#8221;]<\/p>\n<p style=\"text-align: right\">\n<!-- iframe plugin v.5.2 wordpress.org\/plugins\/iframe\/ -->\n<iframe loading=\"lazy\" width=\"640\" height=\"360\" src=\"https:\/\/video.arnes.si\/portal\/api\/asset\/embed\/U1UgRPWXHdVIjrEFgJjx7uAP\" frameborder=\"0\" webkitallowfullscreen mozallowfullscreen allowfullscreen scrolling=\"yes\" class=\"iframe-class\" name=\"ARNES\"><\/iframe>\n [\/et_pb_text][et_pb_divider admin_label=&#8221;Divider&#8221; color=&#8221;#ffffff&#8221; show_divider=&#8221;off&#8221; height=&#8221;20&#8243; divider_style=&#8221;groove&#8221; divider_position=&#8221;top&#8221; hide_on_mobile=&#8221;on&#8221; \/][\/et_pb_column][et_pb_column type=&#8221;1_2&#8243;][et_pb_text admin_label=&#8221;Text&#8221; background_layout=&#8221;light&#8221; text_orientation=&#8221;left&#8221; use_border_color=&#8221;off&#8221; border_color=&#8221;#ffffff&#8221; border_style=&#8221;solid&#8221;]<\/p>\n<h2 style=\"text-align: left\">ZMAJ\u010cKOVA MALICA<\/h2>\n<h5 style=\"text-align: left\">Recept za ZMAJ\u010cKOVO MALICO<\/h5>\n<p style=\"text-align: right\">[\/et_pb_text][\/et_pb_column][\/et_pb_row][et_pb_row admin_label=&#8221;Row&#8221;][et_pb_column type=&#8221;4_4&#8243;][et_pb_divider admin_label=&#8221;Divider&#8221; color=&#8221;#ffffff&#8221; show_divider=&#8221;off&#8221; height=&#8221;200&#8243; divider_style=&#8221;groove&#8221; divider_position=&#8221;top&#8221; hide_on_mobile=&#8221;on&#8221; \/][\/et_pb_column][\/et_pb_row][et_pb_row admin_label=&#8221;Row&#8221;][et_pb_column type=&#8221;4_4&#8243;][et_pb_divider admin_label=&#8221;Divider&#8221; color=&#8221;#ffffff&#8221; show_divider=&#8221;off&#8221; height=&#8221;200&#8243; divider_style=&#8221;groove&#8221; divider_position=&#8221;top&#8221; hide_on_mobile=&#8221;on&#8221; \/][\/et_pb_column][\/et_pb_row][\/et_pb_section][et_pb_section bb_built=&#8221;1&#8243; admin_label=&#8221;Section&#8221; fullwidth=&#8221;off&#8221; specialty=&#8221;on&#8221;][\/et_pb_section]<\/p>\n","protected":false},"excerpt":{"rendered":"<p>V KONJI\u0160KI GORI JE NEMIR POSLU\u0160JAMO Grad gradi\u010dek Konji\u0161ke gore zmaj Nemir v gori USTVARJAJMO &#8220;Legenda o konji\u0161kem zmaju&#8221; Dru\u017eabna igra &#8220;Zmaj in in vitez Jurij&#8221; &#8220;Konj na palici&#8221; &#8220;Labirint&#8221; &#8220;Igra grad&#8221; &#8220;Izdelaj si mini gledali\u0161\u010de &#8211; grad&#8221; &#8220;Izdelaj si vite\u0161ko \u010delado&#8221; &#8220;Ustvarjajmo zmaje&#8221; Legenda o konji\u0161kem zmaju \n<!-- iframe plugin v.5.2 wordpress.org\/plugins\/iframe\/ -->\n<iframe width=\"&#8221;640&#8243;\" height=\"&#8221;360&#8243;\" src frameborder=\"&#8221;0&#8243;\" webkitallowfullscreen=\"&#8221;&#8221;\" mozallowfullscreen=\"&#8221;&#8221;\" 0=\"[&hellip;\" scrolling=\"yes\" class=\"iframe-class\" name=\"ARNES\"><\/iframe>\n<\/p>\n","protected":false},"author":3129,"featured_media":0,"parent":8787,"menu_order":0,"comment_status":"closed","ping_status":"closed","template":"","meta":{"_et_pb_use_builder":"on","_et_pb_old_content":"","_et_gb_content_width":"","ngg_post_thumbnail":0,"footnotes":""},"class_list":["post-9155","page","type-page","status-publish","hentry"],"_links":{"self":[{"href":"https:\/\/www.vrtec-konjice.si\/index.php?rest_route=\/wp\/v2\/pages\/9155","targetHints":{"allow":["GET"]}}],"collection":[{"href":"https:\/\/www.vrtec-konjice.si\/index.php?rest_route=\/wp\/v2\/pages"}],"about":[{"href":"https:\/\/www.vrtec-konjice.si\/index.php?rest_route=\/wp\/v2\/types\/page"}],"author":[{"embeddable":true,"href":"https:\/\/www.vrtec-konjice.si\/index.php?rest_route=\/wp\/v2\/users\/3129"}],"replies":[{"embeddable":true,"href":"https:\/\/www.vrtec-konjice.si\/index.php?rest_route=%2Fwp%2Fv2%2Fcomments&post=9155"}],"version-history":[{"count":39,"href":"https:\/\/www.vrtec-konjice.si\/index.php?rest_route=\/wp\/v2\/pages\/9155\/revisions"}],"predecessor-version":[{"id":9471,"href":"https:\/\/www.vrtec-konjice.si\/index.php?rest_route=\/wp\/v2\/pages\/9155\/revisions\/9471"}],"up":[{"embeddable":true,"href":"https:\/\/www.vrtec-konjice.si\/index.php?rest_route=\/wp\/v2\/pages\/8787"}],"wp:attachment":[{"href":"https:\/\/www.vrtec-konjice.si\/index.php?rest_route=%2Fwp%2Fv2%2Fmedia&parent=9155"}],"curies":[{"name":"wp","href":"https:\/\/api.w.org\/{rel}","templated":true}]}}