{"id":8859,"date":"2020-04-07T17:10:14","date_gmt":"2020-04-07T16:10:14","guid":{"rendered":"http:\/\/vrteckonjice.splet.arnes.si\/?page_id=8859"},"modified":"2020-04-24T22:06:14","modified_gmt":"2020-04-24T21:06:14","slug":"prisluhnite-pravljicam","status":"publish","type":"page","link":"https:\/\/www.vrtec-konjice.si\/?page_id=8859","title":{"rendered":"PRISLUHNITE PRAVLJICAM"},"content":{"rendered":"<p>[et_pb_section bb_built=&#8221;1&#8243; admin_label=&#8221;section&#8221; background_image=&#8221;http:\/\/vrteckonjice.splet.arnes.si\/files\/2020\/04\/Ve\u010deri-12.1.2016-1.jpg&#8221; transparent_background=&#8221;off&#8221; allow_player_pause=&#8221;off&#8221; inner_shadow=&#8221;off&#8221; parallax=&#8221;on&#8221; parallax_method=&#8221;off&#8221; make_fullwidth=&#8221;off&#8221; use_custom_width=&#8221;off&#8221; width_unit=&#8221;on&#8221; make_equal=&#8221;off&#8221; use_custom_gutter=&#8221;off&#8221;][et_pb_row admin_label=&#8221;Row&#8221; make_fullwidth=&#8221;off&#8221; use_custom_width=&#8221;off&#8221; width_unit=&#8221;on&#8221; use_custom_gutter=&#8221;off&#8221; background_color=&#8221;rgba(255,255,255,0.88)&#8221; allow_player_pause=&#8221;off&#8221; parallax=&#8221;off&#8221; parallax_method=&#8221;on&#8221; make_equal=&#8221;off&#8221; parallax_1=&#8221;off&#8221; parallax_method_1=&#8221;off&#8221;][et_pb_column type=&#8221;4_4&#8243;][et_pb_divider admin_label=&#8221;Divider&#8221; color=&#8221;#ffffff&#8221; show_divider=&#8221;off&#8221; height=&#8221;50&#8243; divider_style=&#8221;groove&#8221; divider_position=&#8221;top&#8221; hide_on_mobile=&#8221;on&#8221; \/][et_pb_text admin_label=&#8221;Text&#8221; background_layout=&#8221;light&#8221; text_orientation=&#8221;left&#8221; use_border_color=&#8221;off&#8221; border_color=&#8221;#ffffff&#8221; border_style=&#8221;solid&#8221; custom_padding=&#8221;|||20px&#8221;]<\/p>\n<h1>PRISLUHNITE PRAVLJICAM<\/h1>\n<p>[\/et_pb_text][et_pb_divider admin_label=&#8221;Divider&#8221; color=&#8221;#ffffff&#8221; show_divider=&#8221;off&#8221; height=&#8221;50&#8243; divider_style=&#8221;groove&#8221; divider_position=&#8221;top&#8221; hide_on_mobile=&#8221;on&#8221; \/][\/et_pb_column][\/et_pb_row][et_pb_row admin_label=&#8221;Row&#8221;][et_pb_column type=&#8221;4_4&#8243;][et_pb_divider admin_label=&#8221;Divider&#8221; color=&#8221;#ffffff&#8221; show_divider=&#8221;off&#8221; height=&#8221;20&#8243; divider_style=&#8221;groove&#8221; divider_position=&#8221;top&#8221; hide_on_mobile=&#8221;on&#8221; \/][\/et_pb_column][\/et_pb_row][et_pb_row admin_label=&#8221;row&#8221; make_fullwidth=&#8221;off&#8221; use_custom_width=&#8221;off&#8221; width_unit=&#8221;on&#8221; use_custom_gutter=&#8221;off&#8221; background_color=&#8221;rgba(255,255,255,0.88)&#8221; allow_player_pause=&#8221;off&#8221; parallax=&#8221;off&#8221; parallax_method=&#8221;on&#8221; make_equal=&#8221;off&#8221; parallax_1=&#8221;off&#8221; parallax_method_1=&#8221;off&#8221; parallax_2=&#8221;off&#8221; parallax_method_2=&#8221;off&#8221;][et_pb_column type=&#8221;1_2&#8243;][et_pb_divider admin_label=&#8221;Divider&#8221; color=&#8221;#ffffff&#8221; show_divider=&#8221;off&#8221; height=&#8221;50&#8243; divider_style=&#8221;groove&#8221; divider_position=&#8221;top&#8221; hide_on_mobile=&#8221;on&#8221; \/][et_pb_text admin_label=&#8221;Text&#8221; background_layout=&#8221;light&#8221; text_orientation=&#8221;left&#8221; use_border_color=&#8221;off&#8221; border_color=&#8221;#ffffff&#8221; border_style=&#8221;solid&#8221;]<\/p>\n<p><a href=\"http:\/\/vrteckonjice.splet.arnes.si\/files\/2020\/04\/Zakaj-imajo-zaj\u010dki-preklano-ustnico.jpg\"><img loading=\"lazy\" decoding=\"async\" class=\"alignnone size-medium wp-image-9391 aligncenter\" src=\"http:\/\/vrteckonjice.splet.arnes.si\/files\/2020\/04\/Zakaj-imajo-zaj\u010dki-preklano-ustnico-300x297.jpg\" alt=\"\" width=\"300\" height=\"297\" srcset=\"https:\/\/www.vrtec-konjice.si\/files\/2020\/04\/Zakaj-imajo-zaj\u010dki-preklano-ustnico-300x297.jpg 300w, https:\/\/www.vrtec-konjice.si\/files\/2020\/04\/Zakaj-imajo-zaj\u010dki-preklano-ustnico-150x150.jpg 150w, https:\/\/www.vrtec-konjice.si\/files\/2020\/04\/Zakaj-imajo-zaj\u010dki-preklano-ustnico.jpg 373w\" sizes=\"(max-width: 300px) 100vw, 300px\" \/><\/a><\/p>\n<p>[\/et_pb_text][\/et_pb_column][et_pb_column type=&#8221;1_2&#8243;][et_pb_divider admin_label=&#8221;Divider&#8221; color=&#8221;#ffffff&#8221; show_divider=&#8221;off&#8221; height=&#8221;50&#8243; divider_style=&#8221;groove&#8221; divider_position=&#8221;top&#8221; hide_on_mobile=&#8221;on&#8221; \/][et_pb_text admin_label=&#8221;Text&#8221; background_layout=&#8221;light&#8221; text_orientation=&#8221;left&#8221; use_border_color=&#8221;off&#8221; border_color=&#8221;#ffffff&#8221; border_style=&#8221;solid&#8221; custom_padding=&#8221;|20px||20px&#8221;]<\/p>\n<h5><span style=\"color: #008000\">ZAKAJ IMAJO ZAJ\u010cKI PREKLANO USTNICO?<\/span><\/h5>\n<audio class=\"wp-audio-shortcode\" id=\"audio-8859-1\" preload=\"none\" style=\"width: 100%;\" controls=\"controls\"><source type=\"audio\/mpeg\" src=\"http:\/\/vrteckonjice.splet.arnes.si\/files\/2020\/04\/Zakaj-imajo-zaj\u010dki-preklano-ustnico.mp3?_=1\" \/><a href=\"http:\/\/vrteckonjice.splet.arnes.si\/files\/2020\/04\/Zakaj-imajo-zaj\u010dki-preklano-ustnico.mp3\">http:\/\/vrteckonjice.splet.arnes.si\/files\/2020\/04\/Zakaj-imajo-zaj\u010dki-preklano-ustnico.mp3<\/a><\/audio>\n<p>[\/et_pb_text][et_pb_divider admin_label=&#8221;Divider&#8221; color=&#8221;#ffffff&#8221; show_divider=&#8221;off&#8221; height=&#8221;50&#8243; divider_style=&#8221;groove&#8221; divider_position=&#8221;top&#8221; hide_on_mobile=&#8221;on&#8221; \/][\/et_pb_column][\/et_pb_row][et_pb_row admin_label=&#8221;Row&#8221;][et_pb_column type=&#8221;4_4&#8243;][et_pb_divider admin_label=&#8221;Divider&#8221; color=&#8221;#ffffff&#8221; show_divider=&#8221;off&#8221; height=&#8221;20&#8243; divider_style=&#8221;groove&#8221; divider_position=&#8221;top&#8221; hide_on_mobile=&#8221;on&#8221; \/][\/et_pb_column][\/et_pb_row][et_pb_row admin_label=&#8221;row&#8221; make_fullwidth=&#8221;off&#8221; use_custom_width=&#8221;off&#8221; width_unit=&#8221;on&#8221; use_custom_gutter=&#8221;off&#8221; background_color=&#8221;rgba(255,255,255,0.88)&#8221; allow_player_pause=&#8221;off&#8221; parallax=&#8221;off&#8221; parallax_method=&#8221;on&#8221; make_equal=&#8221;off&#8221; parallax_1=&#8221;off&#8221; parallax_method_1=&#8221;off&#8221; parallax_2=&#8221;off&#8221; parallax_method_2=&#8221;off&#8221;][et_pb_column type=&#8221;1_2&#8243;][et_pb_divider admin_label=&#8221;Divider&#8221; color=&#8221;#ffffff&#8221; show_divider=&#8221;off&#8221; height=&#8221;50&#8243; divider_style=&#8221;groove&#8221; divider_position=&#8221;top&#8221; hide_on_mobile=&#8221;on&#8221; \/][et_pb_text admin_label=&#8221;Text&#8221; background_layout=&#8221;light&#8221; text_orientation=&#8221;left&#8221; use_border_color=&#8221;off&#8221; border_color=&#8221;#ffffff&#8221; border_style=&#8221;solid&#8221; custom_padding=&#8221;|||20px&#8221;]<\/p>\n<h5><strong><span style=\"color: #339966\">MALA PUTKA IN MALA RA\u010cKA<\/span><\/strong><\/h5>\n<audio class=\"wp-audio-shortcode\" id=\"audio-8859-2\" preload=\"none\" style=\"width: 100%;\" controls=\"controls\"><source type=\"audio\/mpeg\" src=\"http:\/\/vrteckonjice.splet.arnes.si\/files\/2020\/04\/Mala-putka-in-Mala-ra\u010dka.mp3?_=2\" \/><a href=\"http:\/\/vrteckonjice.splet.arnes.si\/files\/2020\/04\/Mala-putka-in-Mala-ra\u010dka.mp3\">http:\/\/vrteckonjice.splet.arnes.si\/files\/2020\/04\/Mala-putka-in-Mala-ra\u010dka.mp3<\/a><\/audio>\n<p>[\/et_pb_text][\/et_pb_column][et_pb_column type=&#8221;1_2&#8243;][et_pb_divider admin_label=&#8221;Divider&#8221; color=&#8221;#ffffff&#8221; show_divider=&#8221;off&#8221; height=&#8221;50&#8243; divider_style=&#8221;groove&#8221; divider_position=&#8221;top&#8221; hide_on_mobile=&#8221;on&#8221; \/][et_pb_text admin_label=&#8221;Text&#8221; background_layout=&#8221;light&#8221; text_orientation=&#8221;left&#8221; use_border_color=&#8221;off&#8221; border_color=&#8221;#ffffff&#8221; border_style=&#8221;solid&#8221;]<\/p>\n<p><a href=\"http:\/\/vrteckonjice.splet.arnes.si\/files\/2020\/04\/Mala-putka-in-mala-ra\u010dka.jpg\"><img loading=\"lazy\" decoding=\"async\" class=\"alignnone wp-image-8923 aligncenter\" src=\"http:\/\/vrteckonjice.splet.arnes.si\/files\/2020\/04\/Mala-putka-in-mala-ra\u010dka.jpg\" alt=\"\" width=\"326\" height=\"442\" srcset=\"https:\/\/www.vrtec-konjice.si\/files\/2020\/04\/Mala-putka-in-mala-ra\u010dka.jpg 426w, https:\/\/www.vrtec-konjice.si\/files\/2020\/04\/Mala-putka-in-mala-ra\u010dka-221x300.jpg 221w\" sizes=\"(max-width: 326px) 100vw, 326px\" \/><\/a><\/p>\n<p>[\/et_pb_text][et_pb_divider admin_label=&#8221;Divider&#8221; color=&#8221;#ffffff&#8221; show_divider=&#8221;off&#8221; height=&#8221;50&#8243; divider_style=&#8221;groove&#8221; divider_position=&#8221;top&#8221; hide_on_mobile=&#8221;on&#8221; \/][\/et_pb_column][\/et_pb_row][et_pb_row admin_label=&#8221;Row&#8221;][et_pb_column type=&#8221;4_4&#8243;][et_pb_divider admin_label=&#8221;Divider&#8221; color=&#8221;#ffffff&#8221; show_divider=&#8221;off&#8221; height=&#8221;20&#8243; divider_style=&#8221;groove&#8221; divider_position=&#8221;top&#8221; hide_on_mobile=&#8221;on&#8221; \/][\/et_pb_column][\/et_pb_row][et_pb_row admin_label=&#8221;row&#8221; make_fullwidth=&#8221;off&#8221; use_custom_width=&#8221;off&#8221; width_unit=&#8221;on&#8221; use_custom_gutter=&#8221;off&#8221; background_color=&#8221;rgba(255,255,255,0.88)&#8221; allow_player_pause=&#8221;off&#8221; parallax=&#8221;off&#8221; parallax_method=&#8221;on&#8221; make_equal=&#8221;off&#8221; parallax_1=&#8221;off&#8221; parallax_method_1=&#8221;off&#8221; parallax_2=&#8221;off&#8221; parallax_method_2=&#8221;off&#8221;][et_pb_column type=&#8221;1_2&#8243;][et_pb_divider admin_label=&#8221;Divider&#8221; color=&#8221;#ffffff&#8221; show_divider=&#8221;off&#8221; height=&#8221;90&#8243; divider_style=&#8221;groove&#8221; divider_position=&#8221;top&#8221; hide_on_mobile=&#8221;on&#8221; \/][et_pb_text admin_label=&#8221;Text&#8221; background_layout=&#8221;light&#8221; text_orientation=&#8221;left&#8221; use_border_color=&#8221;off&#8221; border_color=&#8221;#ffffff&#8221; border_style=&#8221;solid&#8221;]<\/p>\n<p><a href=\"http:\/\/vrteckonjice.splet.arnes.si\/files\/2020\/04\/Za-\u0161olo-sem-absolutno-premajhna.jpg\"><img loading=\"lazy\" decoding=\"async\" class=\"aligncenter wp-image-8867 size-medium\" src=\"http:\/\/vrteckonjice.splet.arnes.si\/files\/2020\/04\/Za-\u0161olo-sem-absolutno-premajhna-273x300.jpg\" alt=\"\" width=\"273\" height=\"300\" srcset=\"https:\/\/www.vrtec-konjice.si\/files\/2020\/04\/Za-\u0161olo-sem-absolutno-premajhna-273x300.jpg 273w, https:\/\/www.vrtec-konjice.si\/files\/2020\/04\/Za-\u0161olo-sem-absolutno-premajhna.jpg 728w\" sizes=\"(max-width: 273px) 100vw, 273px\" \/><\/a><\/p>\n<p>[\/et_pb_text][\/et_pb_column][et_pb_column type=&#8221;1_2&#8243;][et_pb_divider admin_label=&#8221;Divider&#8221; color=&#8221;#ffffff&#8221; show_divider=&#8221;off&#8221; height=&#8221;50&#8243; divider_style=&#8221;groove&#8221; divider_position=&#8221;top&#8221; hide_on_mobile=&#8221;on&#8221; \/][et_pb_text admin_label=&#8221;Text&#8221; background_layout=&#8221;light&#8221; text_orientation=&#8221;left&#8221; use_border_color=&#8221;off&#8221; border_color=&#8221;#ffffff&#8221; border_style=&#8221;solid&#8221;]<\/p>\n<h5 style=\"text-align: left\"><span style=\"color: #339966\"><strong>ZA \u0160OLO SEM ABSOLUTNO PREMAJHNA<\/strong><\/span><\/h5>\n<p>[\/et_pb_text][et_pb_text admin_label=&#8221;Text&#8221; background_layout=&#8221;light&#8221; text_orientation=&#8221;left&#8221; use_border_color=&#8221;off&#8221; border_color=&#8221;#ffffff&#8221; border_style=&#8221;solid&#8221; custom_padding=&#8221;|20px||&#8221;] \n<!-- iframe plugin v.5.2 wordpress.org\/plugins\/iframe\/ -->\n<iframe loading=\"lazy\" width=\"640\" height=\"360\" src=\"https:\/\/video.arnes.si\/portal\/api\/asset\/embed\/u1QCNfdVaGTVIYX3hTKJc3N6\" frameborder=\"0\" webkitallowfullscreen mozallowfullscreen allowfullscreen scrolling=\"yes\" class=\"iframe-class\" name=\"ARNES\"><\/iframe>\n [\/et_pb_text][\/et_pb_column][\/et_pb_row][et_pb_row admin_label=&#8221;Row&#8221;][et_pb_column type=&#8221;4_4&#8243;][et_pb_divider admin_label=&#8221;Divider&#8221; color=&#8221;#ffffff&#8221; show_divider=&#8221;off&#8221; height=&#8221;20&#8243; divider_style=&#8221;groove&#8221; divider_position=&#8221;top&#8221; hide_on_mobile=&#8221;on&#8221; \/][\/et_pb_column][\/et_pb_row][et_pb_row admin_label=&#8221;row&#8221; make_fullwidth=&#8221;off&#8221; use_custom_width=&#8221;off&#8221; width_unit=&#8221;on&#8221; use_custom_gutter=&#8221;off&#8221; background_color=&#8221;rgba(255,255,255,0.88)&#8221; allow_player_pause=&#8221;off&#8221; parallax=&#8221;off&#8221; parallax_method=&#8221;on&#8221; make_equal=&#8221;off&#8221; parallax_1=&#8221;off&#8221; parallax_method_1=&#8221;off&#8221; parallax_2=&#8221;off&#8221; parallax_method_2=&#8221;off&#8221;][et_pb_column type=&#8221;1_2&#8243;][et_pb_divider admin_label=&#8221;Divider&#8221; color=&#8221;#ffffff&#8221; show_divider=&#8221;off&#8221; height=&#8221;50&#8243; divider_style=&#8221;groove&#8221; divider_position=&#8221;top&#8221; hide_on_mobile=&#8221;on&#8221; \/][et_pb_text admin_label=&#8221;Text&#8221; background_layout=&#8221;light&#8221; text_orientation=&#8221;left&#8221; use_border_color=&#8221;off&#8221; border_color=&#8221;#ffffff&#8221; border_style=&#8221;solid&#8221; custom_padding=&#8221;|||20px&#8221;]<\/p>\n<h5><span style=\"color: #008000\">ZVITOREPEK IN TRI JAJCA<\/span><\/h5>\n<audio class=\"wp-audio-shortcode\" id=\"audio-8859-3\" preload=\"none\" style=\"width: 100%;\" controls=\"controls\"><source type=\"audio\/mpeg\" src=\"http:\/\/vrteckonjice.splet.arnes.si\/files\/2020\/04\/Zvitorepek-in-tri-jajca.mp3?_=3\" \/><a href=\"http:\/\/vrteckonjice.splet.arnes.si\/files\/2020\/04\/Zvitorepek-in-tri-jajca.mp3\">http:\/\/vrteckonjice.splet.arnes.si\/files\/2020\/04\/Zvitorepek-in-tri-jajca.mp3<\/a><\/audio>\n<p>[\/et_pb_text][\/et_pb_column][et_pb_column type=&#8221;1_2&#8243;][et_pb_divider admin_label=&#8221;Divider&#8221; color=&#8221;#ffffff&#8221; show_divider=&#8221;off&#8221; height=&#8221;50&#8243; divider_style=&#8221;groove&#8221; divider_position=&#8221;top&#8221; hide_on_mobile=&#8221;on&#8221; \/][et_pb_text admin_label=&#8221;Text&#8221; background_layout=&#8221;light&#8221; text_orientation=&#8221;left&#8221; use_border_color=&#8221;off&#8221; border_color=&#8221;#ffffff&#8221; border_style=&#8221;solid&#8221;]<\/p>\n<p><a href=\"http:\/\/vrteckonjice.splet.arnes.si\/files\/2020\/04\/Zvitorepek-in-tri-jajca.jpg\"><img loading=\"lazy\" decoding=\"async\" class=\"alignnone size-medium wp-image-9019 aligncenter\" src=\"http:\/\/vrteckonjice.splet.arnes.si\/files\/2020\/04\/Zvitorepek-in-tri-jajca-291x300.jpg\" alt=\"\" width=\"291\" height=\"300\" srcset=\"https:\/\/www.vrtec-konjice.si\/files\/2020\/04\/Zvitorepek-in-tri-jajca-291x300.jpg 291w, https:\/\/www.vrtec-konjice.si\/files\/2020\/04\/Zvitorepek-in-tri-jajca.jpg 581w\" sizes=\"(max-width: 291px) 100vw, 291px\" \/><\/a><\/p>\n<p>[\/et_pb_text][et_pb_divider admin_label=&#8221;Divider&#8221; color=&#8221;#ffffff&#8221; show_divider=&#8221;off&#8221; height=&#8221;50&#8243; divider_style=&#8221;groove&#8221; divider_position=&#8221;top&#8221; hide_on_mobile=&#8221;on&#8221; \/][\/et_pb_column][\/et_pb_row][et_pb_row admin_label=&#8221;Row&#8221;][et_pb_column type=&#8221;4_4&#8243;][et_pb_divider admin_label=&#8221;Divider&#8221; color=&#8221;#ffffff&#8221; show_divider=&#8221;off&#8221; height=&#8221;20&#8243; divider_style=&#8221;groove&#8221; divider_position=&#8221;top&#8221; hide_on_mobile=&#8221;on&#8221; \/][\/et_pb_column][\/et_pb_row][et_pb_row admin_label=&#8221;row&#8221; make_fullwidth=&#8221;off&#8221; use_custom_width=&#8221;off&#8221; width_unit=&#8221;on&#8221; use_custom_gutter=&#8221;off&#8221; background_color=&#8221;rgba(255,255,255,0.88)&#8221; allow_player_pause=&#8221;off&#8221; parallax=&#8221;off&#8221; parallax_method=&#8221;on&#8221; make_equal=&#8221;off&#8221; parallax_1=&#8221;off&#8221; parallax_method_1=&#8221;off&#8221; parallax_2=&#8221;off&#8221; parallax_method_2=&#8221;off&#8221;][et_pb_column type=&#8221;1_2&#8243;][et_pb_text admin_label=&#8221;Text&#8221; background_layout=&#8221;light&#8221; text_orientation=&#8221;left&#8221; use_border_color=&#8221;off&#8221; border_color=&#8221;#ffffff&#8221; border_style=&#8221;solid&#8221;]<\/p>\n<p><a href=\"http:\/\/vrteckonjice.splet.arnes.si\/files\/2020\/04\/Stari-bober-Evald.jpg\"><img loading=\"lazy\" decoding=\"async\" class=\"alignnone size-medium wp-image-9025 aligncenter\" src=\"http:\/\/vrteckonjice.splet.arnes.si\/files\/2020\/04\/Stari-bober-Evald-220x300.jpg\" alt=\"\" width=\"220\" height=\"300\" srcset=\"https:\/\/www.vrtec-konjice.si\/files\/2020\/04\/Stari-bober-Evald-220x300.jpg 220w, https:\/\/www.vrtec-konjice.si\/files\/2020\/04\/Stari-bober-Evald.jpg 420w\" sizes=\"(max-width: 220px) 100vw, 220px\" \/><\/a><\/p>\n<p>[\/et_pb_text][et_pb_divider admin_label=&#8221;Divider&#8221; color=&#8221;#ffffff&#8221; show_divider=&#8221;off&#8221; height=&#8221;50&#8243; divider_style=&#8221;groove&#8221; divider_position=&#8221;top&#8221; hide_on_mobile=&#8221;on&#8221; \/][\/et_pb_column][et_pb_column type=&#8221;1_2&#8243;][et_pb_divider admin_label=&#8221;Divider&#8221; color=&#8221;#ffffff&#8221; show_divider=&#8221;off&#8221; height=&#8221;50&#8243; divider_style=&#8221;groove&#8221; divider_position=&#8221;top&#8221; hide_on_mobile=&#8221;on&#8221; \/][et_pb_text admin_label=&#8221;Text&#8221; background_layout=&#8221;light&#8221; text_orientation=&#8221;left&#8221; use_border_color=&#8221;off&#8221; border_color=&#8221;#ffffff&#8221; border_style=&#8221;solid&#8221; custom_padding=&#8221;|20px||&#8221;]<\/p>\n<h5 style=\"text-align: left\"><span style=\"color: #339966\"><strong>STARI BOBER EVALD<\/strong><\/span><\/h5>\n<p>[\/et_pb_text][et_pb_text admin_label=&#8221;Text&#8221; background_layout=&#8221;light&#8221; text_orientation=&#8221;left&#8221; use_border_color=&#8221;off&#8221; border_color=&#8221;#ffffff&#8221; border_style=&#8221;solid&#8221; custom_padding=&#8221;|||20px&#8221;]<\/p>\n<ul>\n<li>\n<h5><a href=\"http:\/\/vrteckonjice.splet.arnes.si\/files\/2020\/04\/STARI-BOBER-EVALD.ppsx\">STARI BOBER EVALD\u00a0 <\/a><\/h5>\n<\/li>\n<li>\n<h5><a href=\"http:\/\/vrteckonjice.splet.arnes.si\/files\/2020\/04\/Stari-bober-Evald-primeri-dejavnosti.pdf\">Stari bober Evald &#8211; primeri dejavnosti<\/a><\/h5>\n<h5><a href=\"http:\/\/vrteckonjice.splet.arnes.si\/files\/2020\/04\/STARI-BOBER-EVALD.ppsx\"><img loading=\"lazy\" decoding=\"async\" class=\"alignnone wp-image-9399\" src=\"http:\/\/vrteckonjice.splet.arnes.si\/files\/2020\/04\/index.png\" alt=\"\" width=\"40\" height=\"40\" srcset=\"https:\/\/www.vrtec-konjice.si\/files\/2020\/04\/index.png 225w, https:\/\/www.vrtec-konjice.si\/files\/2020\/04\/index-150x150.png 150w\" sizes=\"(max-width: 40px) 100vw, 40px\" \/><\/a><\/h5>\n<\/li>\n<\/ul>\n<p>[\/et_pb_text][\/et_pb_column][\/et_pb_row][et_pb_row admin_label=&#8221;Row&#8221;][et_pb_column type=&#8221;4_4&#8243;][et_pb_divider admin_label=&#8221;Divider&#8221; color=&#8221;#ffffff&#8221; show_divider=&#8221;off&#8221; height=&#8221;200&#8243; divider_style=&#8221;groove&#8221; divider_position=&#8221;top&#8221; hide_on_mobile=&#8221;on&#8221; \/][\/et_pb_column][\/et_pb_row][\/et_pb_section]<\/p>\n","protected":false},"excerpt":{"rendered":"<p>PRISLUHNITE PRAVLJICAM ZAKAJ IMAJO ZAJ\u010cKI PREKLANO USTNICO? MALA PUTKA IN MALA RA\u010cKA ZA \u0160OLO SEM ABSOLUTNO PREMAJHNA \n<!-- iframe plugin v.5.2 wordpress.org\/plugins\/iframe\/ -->\n<iframe loading=\"lazy\" width=\"640\" height=\"360\" src=\"https:\/\/video.arnes.si\/portal\/api\/asset\/embed\/u1QCNfdVaGTVIYX3hTKJc3N6\" frameborder=\"0\" webkitallowfullscreen mozallowfullscreen allowfullscreen scrolling=\"yes\" class=\"iframe-class\" name=\"ARNES\"><\/iframe>\n ZVITOREPEK IN TRI JAJCA STARI BOBER EVALD STARI BOBER EVALD\u00a0 Stari bober Evald &#8211; primeri dejavnosti<\/p>\n","protected":false},"author":3129,"featured_media":0,"parent":8787,"menu_order":0,"comment_status":"closed","ping_status":"closed","template":"","meta":{"_et_pb_use_builder":"on","_et_pb_old_content":"","_et_gb_content_width":"","ngg_post_thumbnail":0,"footnotes":""},"class_list":["post-8859","page","type-page","status-publish","hentry"],"_links":{"self":[{"href":"https:\/\/www.vrtec-konjice.si\/index.php?rest_route=\/wp\/v2\/pages\/8859","targetHints":{"allow":["GET"]}}],"collection":[{"href":"https:\/\/www.vrtec-konjice.si\/index.php?rest_route=\/wp\/v2\/pages"}],"about":[{"href":"https:\/\/www.vrtec-konjice.si\/index.php?rest_route=\/wp\/v2\/types\/page"}],"author":[{"embeddable":true,"href":"https:\/\/www.vrtec-konjice.si\/index.php?rest_route=\/wp\/v2\/users\/3129"}],"replies":[{"embeddable":true,"href":"https:\/\/www.vrtec-konjice.si\/index.php?rest_route=%2Fwp%2Fv2%2Fcomments&post=8859"}],"version-history":[{"count":28,"href":"https:\/\/www.vrtec-konjice.si\/index.php?rest_route=\/wp\/v2\/pages\/8859\/revisions"}],"predecessor-version":[{"id":9015,"href":"https:\/\/www.vrtec-konjice.si\/index.php?rest_route=\/wp\/v2\/pages\/8859\/revisions\/9015"}],"up":[{"embeddable":true,"href":"https:\/\/www.vrtec-konjice.si\/index.php?rest_route=\/wp\/v2\/pages\/8787"}],"wp:attachment":[{"href":"https:\/\/www.vrtec-konjice.si\/index.php?rest_route=%2Fwp%2Fv2%2Fmedia&parent=8859"}],"curies":[{"name":"wp","href":"https:\/\/api.w.org\/{rel}","templated":true}]}}