{"id":8797,"date":"2020-04-07T16:36:10","date_gmt":"2020-04-07T15:36:10","guid":{"rendered":"http:\/\/vrteckonjice.splet.arnes.si\/?page_id=8797"},"modified":"2020-04-28T09:50:28","modified_gmt":"2020-04-28T08:50:28","slug":"predlogi-za-igro-in-ustvarjanje","status":"publish","type":"page","link":"https:\/\/www.vrtec-konjice.si\/?page_id=8797","title":{"rendered":"PREDLOGI ZA IGRO IN USTVARJANJE"},"content":{"rendered":"<p>[et_pb_section bb_built=&#8221;1&#8243; admin_label=&#8221;section&#8221; background_image=&#8221;http:\/\/vrteckonjice.splet.arnes.si\/files\/2020\/04\/50-2.jpeg&#8221; transparent_background=&#8221;off&#8221; allow_player_pause=&#8221;off&#8221; inner_shadow=&#8221;off&#8221; parallax=&#8221;on&#8221; parallax_method=&#8221;off&#8221; make_fullwidth=&#8221;off&#8221; use_custom_width=&#8221;off&#8221; width_unit=&#8221;on&#8221; make_equal=&#8221;off&#8221; use_custom_gutter=&#8221;off&#8221;][et_pb_row admin_label=&#8221;Row&#8221;][et_pb_column type=&#8221;4_4&#8243;][et_pb_divider admin_label=&#8221;Divider&#8221; color=&#8221;#ffffff&#8221; show_divider=&#8221;off&#8221; height=&#8221;100&#8243; divider_style=&#8221;groove&#8221; divider_position=&#8221;top&#8221; hide_on_mobile=&#8221;on&#8221; \/][\/et_pb_column][\/et_pb_row][et_pb_row admin_label=&#8221;row&#8221; make_fullwidth=&#8221;off&#8221; use_custom_width=&#8221;off&#8221; width_unit=&#8221;on&#8221; use_custom_gutter=&#8221;off&#8221; background_color=&#8221;rgba(255,255,255,0.88)&#8221; allow_player_pause=&#8221;off&#8221; parallax=&#8221;off&#8221; parallax_method=&#8221;on&#8221; make_equal=&#8221;off&#8221; parallax_1=&#8221;off&#8221; parallax_method_1=&#8221;off&#8221;][et_pb_column type=&#8221;4_4&#8243;][et_pb_text admin_label=&#8221;Text&#8221; background_layout=&#8221;light&#8221; text_orientation=&#8221;left&#8221; use_border_color=&#8221;off&#8221; border_color=&#8221;#ffffff&#8221; border_style=&#8221;solid&#8221; custom_margin=&#8221;|||20px&#8221;]<\/p>\n<h1><\/h1>\n<h1 style=\"text-align: center\">PREDLOGI ZA IGRO IN USTVARJANJE<\/h1>\n<p>[\/et_pb_text][\/et_pb_column][\/et_pb_row][et_pb_row admin_label=&#8221;Row&#8221;][et_pb_column type=&#8221;4_4&#8243;][et_pb_divider admin_label=&#8221;Divider&#8221; color=&#8221;#ffffff&#8221; show_divider=&#8221;off&#8221; height=&#8221;20&#8243; divider_style=&#8221;groove&#8221; divider_position=&#8221;top&#8221; hide_on_mobile=&#8221;on&#8221; \/][\/et_pb_column][\/et_pb_row][et_pb_row admin_label=&#8221;row&#8221; make_fullwidth=&#8221;off&#8221; use_custom_width=&#8221;off&#8221; width_unit=&#8221;on&#8221; use_custom_gutter=&#8221;off&#8221; background_color=&#8221;rgba(255,255,255,0.88)&#8221; allow_player_pause=&#8221;off&#8221; parallax=&#8221;off&#8221; parallax_method=&#8221;on&#8221; make_equal=&#8221;off&#8221; parallax_1=&#8221;off&#8221; parallax_method_1=&#8221;off&#8221;][et_pb_column type=&#8221;1_2&#8243;][et_pb_text admin_label=&#8221;Text&#8221; background_layout=&#8221;light&#8221; text_orientation=&#8221;left&#8221; use_border_color=&#8221;off&#8221; border_color=&#8221;#ffffff&#8221; border_style=&#8221;solid&#8221; custom_margin=&#8221;|||20px&#8221;]<\/p>\n<h1><\/h1>\n<ul>\n<li>\n<h5><span style=\"color: #0000ff\"><a style=\"color: #0000ff\" href=\"http:\/\/vrteckonjice.splet.arnes.si\/files\/2020\/04\/Bibarije.pdf\">Bibarije<\/a> <\/span><\/h5>\n<\/li>\n<li>\n<h5><span style=\"color: #0000ff\"><a style=\"color: #0000ff\" href=\"http:\/\/vrteckonjice.splet.arnes.si\/files\/2020\/04\/\u010cuje\u010dnost-za-za\u010detnike.pdf\">\u010cuje\u010dnost za za\u010detnike<\/a> <\/span><\/h5>\n<\/li>\n<li>\n<h5><span style=\"color: #0000ff\"><a style=\"color: #0000ff\" href=\"http:\/\/vrteckonjice.splet.arnes.si\/files\/2020\/04\/Iz\u0161tevanke-uganke.pdf\">Iz\u0161tevanke, uganke<\/a> <\/span><\/h5>\n<\/li>\n<li>\n<h5><span style=\"color: #0000ff\"><a style=\"color: #0000ff\" href=\"http:\/\/vrteckonjice.splet.arnes.si\/files\/2020\/04\/Koren\u010dek-in-pal\u010dke.pdf\">Koren\u010dek in pal\u010dke<\/a> <\/span><\/h5>\n<\/li>\n<li>\n<h5><span style=\"color: #0000ff\"><a style=\"color: #0000ff\" href=\"http:\/\/vrteckonjice.splet.arnes.si\/files\/2020\/04\/Ostri\u017ei-me.pdf\">Ostri\u017ei me<\/a> <\/span><\/h5>\n<\/li>\n<li>\n<h5><span style=\"color: #0000ff\"><a style=\"color: #0000ff\" href=\"http:\/\/vrteckonjice.splet.arnes.si\/files\/2020\/04\/Poi\u0161\u010di-pare-s-\u010dim-se-prehranjujejo-\u017eivali.pdf\">Poi\u0161\u010di pare &#8211; s \u010dim se prehranjujejo \u017eivali<\/a> <\/span><\/h5>\n<\/li>\n<li>\n<h5><span style=\"color: #0000ff\"><a style=\"color: #0000ff\" href=\"http:\/\/vrteckonjice.splet.arnes.si\/files\/2020\/04\/Poi\u0161\u010di-pot.pdf\">Poi\u0161\u010di pot<\/a> <\/span><\/h5>\n<\/li>\n<li>\n<h5><span style=\"color: #0000ff\"><a style=\"color: #0000ff\" href=\"http:\/\/vrteckonjice.splet.arnes.si\/files\/2020\/04\/Sestavi-mavri\u010dni-spomin.pdf\">Sestavi mavri\u010dni spomin<\/a> <\/span><\/h5>\n<\/li>\n<li>\n<h5><span style=\"color: #0000ff\"><a style=\"color: #0000ff\" href=\"http:\/\/vrteckonjice.splet.arnes.si\/files\/2020\/04\/Zelo-la\u010dna-gosenica.pdf\">Zelo la\u010dna gosenica<\/a> <\/span><\/h5>\n<\/li>\n<li>\n<h5><span style=\"color: #0000ff\"><a style=\"color: #0000ff\" href=\"http:\/\/vrteckonjice.splet.arnes.si\/files\/2020\/04\/Zvo\u010dni-spomin.pdf\">Zvo\u010dni spomin<\/a><\/span><\/h5>\n<\/li>\n<li>\n<h5><span style=\"color: #0000ff\"><a style=\"color: #0000ff\" href=\"http:\/\/vrteckonjice.splet.arnes.si\/files\/2020\/04\/Velikono\u010dno-ustvarjanje-1.pdf\">Velikono\u010dno ustvarjanje<\/a><\/span><\/h5>\n<\/li>\n<li>\n<h5><span style=\"color: #0000ff\"><a style=\"color: #0000ff\" href=\"http:\/\/vrteckonjice.splet.arnes.si\/files\/2020\/04\/\u010cuje\u010dnost-in-mandala-v-naravi.pdf\">\u010cuje\u010dnost in mandala v naravi<\/a><\/span><\/h5>\n<\/li>\n<li>\n<h5><span style=\"color: #0000ff\"><a style=\"color: #0000ff\" href=\"http:\/\/vrteckonjice.splet.arnes.si\/files\/2020\/04\/Dejavnosti-iz-zaposlitve-5-6-letnike-doma.pdf\">Dejavnosti iz zaposlitve 5-6 letnike doma<\/a><\/span><\/h5>\n<\/li>\n<li>\n<h5><span style=\"color: #0000ff\"><a style=\"color: #0000ff\" href=\"http:\/\/vrteckonjice.splet.arnes.si\/files\/2020\/04\/Enostavna-ropotuljica.pdf\">Enostavna ropotuljica<\/a> <\/span><\/h5>\n<\/li>\n<li>\n<h5><span style=\"color: #0000ff\"><a style=\"color: #0000ff\" href=\"http:\/\/vrteckonjice.splet.arnes.si\/files\/2020\/04\/Igra-z-liki.pdf\">Igra z liki<\/a><\/span><\/h5>\n<\/li>\n<li>\n<h5><span style=\"color: #0000ff\"><a style=\"color: #0000ff\" href=\"http:\/\/vrteckonjice.splet.arnes.si\/files\/2020\/04\/Pisana-gosenica.pdf\">Pisana gosenica<\/a><\/span><\/h5>\n<\/li>\n<li>\n<h5><span style=\"color: #0000ff\"><a style=\"color: #0000ff\" href=\"http:\/\/vrteckonjice.splet.arnes.si\/files\/2020\/04\/Re\u017eemo-s-\u0161karjami-in-ponovno-sestavimo.pdf\">Re\u017eemo s \u0161karjami in ponovno sestavimo<\/a><\/span><\/h5>\n<\/li>\n<li>\n<h5><span style=\"color: #0000ff\"><a style=\"color: #0000ff\" href=\"http:\/\/vrteckonjice.splet.arnes.si\/files\/2020\/04\/Senzorne-vre\u010dke.pdf\">Senzorne vre\u010dke<\/a><\/span><\/h5>\n<\/li>\n<li>\n<h5><span style=\"color: #0000ff\"><a style=\"color: #0000ff\" href=\"http:\/\/vrteckonjice.splet.arnes.si\/files\/2020\/04\/Senzorni-balon\u010dki.pdf\">Senzorni balon\u010dki<\/a><\/span><\/h5>\n<\/li>\n<li>\n<h5><span style=\"color: #0000ff\"><a style=\"color: #0000ff\" href=\"http:\/\/vrteckonjice.splet.arnes.si\/files\/2020\/04\/Tovor-\u0161tevila-do-6.pdf\">Tovor &#8211; \u0161tevila do 6<\/a><\/span><\/h5>\n<\/li>\n<li>\n<h5><span style=\"color: #0000ff\"><a style=\"color: #0000ff\" href=\"http:\/\/vrteckonjice.splet.arnes.si\/files\/2020\/04\/Zaprimo-okna-hi\u0161e.pdf\">Zaprimo okna hi\u0161e<\/a><\/span><\/h5>\n<\/li>\n<li>\n<h5><span style=\"color: #0000ff\"><a style=\"color: #0000ff\" href=\"http:\/\/vrteckonjice.splet.arnes.si\/files\/2020\/04\/Grafomotori\u010dne-vaje.pdf\">Grafomotori\u010dne vaje<\/a> <\/span><\/h5>\n<\/li>\n<li>\n<h5><span style=\"color: #0000ff\"><a style=\"color: #0000ff\" href=\"http:\/\/vrteckonjice.splet.arnes.si\/files\/2020\/04\/Iskanje-parov-sestavljanje-slike.pdf\">Iskanje parov, sestavljanje slike<\/a> <\/span><\/h5>\n<\/li>\n<li>\n<h5><span style=\"color: #0000ff\"><a style=\"color: #0000ff\" href=\"http:\/\/vrteckonjice.splet.arnes.si\/files\/2020\/04\/Pesem-De\u017e-in-sonce.pdf\">Pesem De\u017e in sonce<\/a> <\/span><\/h5>\n<\/li>\n<li>\n<h5><span style=\"color: #0000ff\"><a style=\"color: #0000ff\" href=\"http:\/\/vrteckonjice.splet.arnes.si\/files\/2020\/04\/Zgodba-v-slikah-Barve.pdf\">Zgodba v slikah &#8211; Barve<\/a> <\/span><\/h5>\n<\/li>\n<li>\n<h5><span style=\"color: #0000ff\"><a style=\"color: #0000ff\" href=\"http:\/\/vrteckonjice.splet.arnes.si\/files\/2020\/04\/Zgodba-v-slikah-\u010cigava-je-duda.pdf\">Zgodba v slikah &#8211; \u010cigava je duda<\/a><\/span><\/h5>\n<h5><\/h5>\n<\/li>\n<\/ul>\n<p>&nbsp;<\/p>\n<p>&nbsp;<\/p>\n<p>[\/et_pb_text][\/et_pb_column][et_pb_column type=&#8221;1_2&#8243;][\/et_pb_column][\/et_pb_row][et_pb_row admin_label=&#8221;Row&#8221;][et_pb_column type=&#8221;4_4&#8243;][et_pb_divider admin_label=&#8221;Divider&#8221; color=&#8221;#ffffff&#8221; show_divider=&#8221;off&#8221; height=&#8221;100&#8243; divider_style=&#8221;groove&#8221; divider_position=&#8221;top&#8221; hide_on_mobile=&#8221;on&#8221; \/][\/et_pb_column][\/et_pb_row][\/et_pb_section]<\/p>\n","protected":false},"excerpt":{"rendered":"<p>PREDLOGI ZA IGRO IN USTVARJANJE Bibarije \u010cuje\u010dnost za za\u010detnike Iz\u0161tevanke, uganke Koren\u010dek in pal\u010dke Ostri\u017ei me Poi\u0161\u010di pare &#8211; s \u010dim se prehranjujejo \u017eivali Poi\u0161\u010di pot Sestavi mavri\u010dni spomin Zelo la\u010dna gosenica Zvo\u010dni spomin Velikono\u010dno ustvarjanje \u010cuje\u010dnost in mandala v naravi Dejavnosti iz zaposlitve 5-6 letnike doma Enostavna ropotuljica Igra z liki Pisana gosenica Re\u017eemo [&hellip;]<\/p>\n","protected":false},"author":3129,"featured_media":0,"parent":8787,"menu_order":0,"comment_status":"closed","ping_status":"closed","template":"","meta":{"_et_pb_use_builder":"on","_et_pb_old_content":"","_et_gb_content_width":"","ngg_post_thumbnail":0,"footnotes":""},"class_list":["post-8797","page","type-page","status-publish","hentry"],"_links":{"self":[{"href":"https:\/\/www.vrtec-konjice.si\/index.php?rest_route=\/wp\/v2\/pages\/8797","targetHints":{"allow":["GET"]}}],"collection":[{"href":"https:\/\/www.vrtec-konjice.si\/index.php?rest_route=\/wp\/v2\/pages"}],"about":[{"href":"https:\/\/www.vrtec-konjice.si\/index.php?rest_route=\/wp\/v2\/types\/page"}],"author":[{"embeddable":true,"href":"https:\/\/www.vrtec-konjice.si\/index.php?rest_route=\/wp\/v2\/users\/3129"}],"replies":[{"embeddable":true,"href":"https:\/\/www.vrtec-konjice.si\/index.php?rest_route=%2Fwp%2Fv2%2Fcomments&post=8797"}],"version-history":[{"count":21,"href":"https:\/\/www.vrtec-konjice.si\/index.php?rest_route=\/wp\/v2\/pages\/8797\/revisions"}],"predecessor-version":[{"id":9457,"href":"https:\/\/www.vrtec-konjice.si\/index.php?rest_route=\/wp\/v2\/pages\/8797\/revisions\/9457"}],"up":[{"embeddable":true,"href":"https:\/\/www.vrtec-konjice.si\/index.php?rest_route=\/wp\/v2\/pages\/8787"}],"wp:attachment":[{"href":"https:\/\/www.vrtec-konjice.si\/index.php?rest_route=%2Fwp%2Fv2%2Fmedia&parent=8797"}],"curies":[{"name":"wp","href":"https:\/\/api.w.org\/{rel}","templated":true}]}}