{"id":4253,"date":"2018-01-30T23:29:21","date_gmt":"2018-01-30T21:29:21","guid":{"rendered":"http:\/\/vrteckonjice.splet.arnes.si\/?page_id=4253"},"modified":"2026-02-09T13:08:09","modified_gmt":"2026-02-09T12:08:09","slug":"javni-vpis-novincev","status":"publish","type":"page","link":"https:\/\/www.vrtec-konjice.si\/?page_id=4253","title":{"rendered":"JAVNI VPIS NOVINCEV"},"content":{"rendered":"<p>[et_pb_section fb_built=&#8221;1&#8243; admin_label=&#8221;section&#8221; _builder_version=&#8221;4.23.4&#8243; background_image=&#8221;https:\/\/www.vrtec-konjice.si\/files\/2022\/03\/o-DANDELION-facebookN-1920&#215;960-1.jpg&#8221; parallax=&#8221;on&#8221; parallax_method=&#8221;off&#8221; global_colors_info=&#8221;{}&#8221;][et_pb_row admin_label=&#8221;row&#8221; _builder_version=&#8221;4.27.4&#8243; background_color=&#8221;rgba(0,0,0,0.34)&#8221; background_size=&#8221;initial&#8221; background_position=&#8221;top_left&#8221; background_repeat=&#8221;repeat&#8221; custom_padding=&#8221;|20px||20px&#8221; global_colors_info=&#8221;{}&#8221;][et_pb_column type=&#8221;4_4&#8243; _builder_version=&#8221;4.16&#8243; custom_padding=&#8221;|||&#8221; global_colors_info=&#8221;{}&#8221; custom_padding__hover=&#8221;|||&#8221;][et_pb_text admin_label=&#8221;Text&#8221; _builder_version=&#8221;4.27.4&#8243; text_text_color=&#8221;#FFFFFF&#8221; background_size=&#8221;initial&#8221; background_position=&#8221;top_left&#8221; background_repeat=&#8221;repeat&#8221; background_layout=&#8221;dark&#8221; hover_enabled=&#8221;0&#8243; global_colors_info=&#8221;{}&#8221; sticky_enabled=&#8221;0&#8243;]<\/p>\n<p align=\"center\"><b>JAVNI VPIS NOVINCEV ZA \u0160OLSKO LETO 2026\/2027<\/b><\/p>\n<p align=\"center\"><b>\u00a0<\/b><\/p>\n<p align=\"center\"><b>\u00a0<\/b><\/p>\n<p align=\"center\"><b>Obve\u0161\u010damo Vas, da bo v Vrtcu Slovenske Konjice od 9. 2. 2026 do 31. 3. 2026 potekal javni vpis novincev za \u0161olsko leto 2026\/2027.<\/b><\/p>\n<p>&nbsp;<\/p>\n<p>Star\u0161i oz. zakoniti zastopniki otroka izpolnijo Vlogo za sprejem otroka v vrtec za \u0161olsko leto 2026\/2027 na<b>\u00a0<\/b>posebnem obrazcu, ki je na razpolago na upravi vrtca (enota Prevrat, Usnjarska cesta 12, Slovenske Konjice), vsak delovni dan med 7. in 15. uro, in na spletni strani vrtca.<b>\u00a0Vlogo star\u0161i oz. zakoniti zastopniki otrok oddajo osebno na upravi vrtca, ali jo po\u0161ljejo po po\u0161ti na naslov Vrtec Slovenske Konjice, Usnjarska cesta 12, Slovenske Konjice,<\/b>\u00a0<b><u>najkasneje do 31. 3. 2026<\/u><\/b><u>.<\/u><u><\/u><\/p>\n<p>&nbsp;<\/p>\n<p><b>Javni vpis novincev<\/b>\u00a0<b>poteka po postopku, dolo\u010denem v Pravilniku o sprejemu otrok v vrtec<\/b>, ki je dostopen na spletni strani vrtca. \u010ce se bo v \u010dasu javnega vpisa novincev za novo \u0161olsko leto v vrtec vpisalo ve\u010d novincev, kot imamo v vrtcu prostih mest, bo o sprejemu odlo\u010dala Komisija za sprejem otrok v vrtec, in sicer na podlagi kriterijev za sprejem otrok v vrtec. V nasprotnem primeru o sprejemu odlo\u010da ravnatelj, oz. od njega poobla\u010dena oseba.<\/p>\n<p>&nbsp;<\/p>\n<p>V novem \u0161olskem letu bo deloval tudi\u00a0<b>oddelek prilagojenega programa za pred\u0161olske otroke (razvojni oddelek)<\/b>. Z organizacijo prilagojenega programa za pred\u0161olske otroke s posebnimi potrebami se zagotavlja optimalne pogoje za razvoj otrok, ki zaradi oblik primanjkljajev, ovir oziroma motenj pred\u0161olskega programa ne bi zmogli, v prilagojenem programu pa razvijajo svoja mo\u010dna podro\u010dja in sposobnosti.<\/p>\n<p>&nbsp;<\/p>\n<p>V sklopu javnega vpisa novincev bomo v vseh enotah in dislociranih oddelkih v KS organizirali tudi\u00a0<b>dan odprtih vrat Vrtca Slovenske Konjice, in sicer v \u010detrtek, 12. 3. 2026, med 16. in 18. uro. <\/b>Ve\u010d informacij v povezavi z dnevom odprtih vrat bomo objavili naknadno.<\/p>\n<p>&nbsp;<\/p>\n<p>Dodatne informacije glede vpisnega postopka lahko dobite pri pomo\u010dnici v. d. ravnateljice Aleksandri Stra\u0161nik, na telefonski \u0161tevilki 030 313 374 ali po e-po\u0161ti <a href=\"mailto:aleksandra.strasnik@guest.arnes.si\">aleksandra.strasnik@guest.arnes.si<\/a>.<\/p>\n<p>Lep pozdrav!<\/p>\n<p>&nbsp;<\/p>\n<p>Simona \u017divec, v. d. ravnateljice<\/p>\n<p>&nbsp;<\/p>\n<p>&nbsp;<\/p>\n<p><a href=\"https:\/\/www.vrtec-konjice.si\/files\/2026\/02\/VLOGA-ZA-SPREJEM-OTROKA-V-VRTEC-2026-2027.pdf\" rel=\"attachment wp-att-11994\">VLOGA &#8211; ZA SPREJEM OTROKA V VRTEC 2026-2027<\/a><\/p>\n<p>&nbsp;<\/p>\n<p>[\/et_pb_text][\/et_pb_column][\/et_pb_row][et_pb_row admin_label=&#8221;Row&#8221; _builder_version=&#8221;4.16&#8243; background_size=&#8221;initial&#8221; background_position=&#8221;top_left&#8221; background_repeat=&#8221;repeat&#8221; global_colors_info=&#8221;{}&#8221;][et_pb_column type=&#8221;4_4&#8243; _builder_version=&#8221;4.16&#8243; custom_padding=&#8221;|||&#8221; global_colors_info=&#8221;{}&#8221; custom_padding__hover=&#8221;|||&#8221;][et_pb_divider show_divider=&#8221;off&#8221; disabled_on=&#8221;on|on|off&#8221; admin_label=&#8221;Divider&#8221; _builder_version=&#8221;4.27.4&#8243; height=&#8221;40px&#8221; global_colors_info=&#8221;{}&#8221;][\/et_pb_divider][\/et_pb_column][\/et_pb_row][\/et_pb_section]<\/p>\n","protected":false},"excerpt":{"rendered":"<p>JAVNI VPIS NOVINCEV ZA \u0160OLSKO LETO 2026\/2027 \u00a0 \u00a0 Obve\u0161\u010damo Vas, da bo v Vrtcu Slovenske Konjice od 9. 2. 2026 do 31. 3. 2026 potekal javni vpis novincev za \u0161olsko leto 2026\/2027. &nbsp; Star\u0161i oz. zakoniti zastopniki otroka izpolnijo Vlogo za sprejem otroka v vrtec za \u0161olsko leto 2026\/2027 na\u00a0posebnem obrazcu, ki je na [&hellip;]<\/p>\n","protected":false},"author":3129,"featured_media":0,"parent":879,"menu_order":0,"comment_status":"closed","ping_status":"closed","template":"","meta":{"_et_pb_use_builder":"on","_et_pb_old_content":"","_et_gb_content_width":"","ngg_post_thumbnail":0,"footnotes":""},"class_list":["post-4253","page","type-page","status-publish","hentry"],"_links":{"self":[{"href":"https:\/\/www.vrtec-konjice.si\/index.php?rest_route=\/wp\/v2\/pages\/4253","targetHints":{"allow":["GET"]}}],"collection":[{"href":"https:\/\/www.vrtec-konjice.si\/index.php?rest_route=\/wp\/v2\/pages"}],"about":[{"href":"https:\/\/www.vrtec-konjice.si\/index.php?rest_route=\/wp\/v2\/types\/page"}],"author":[{"embeddable":true,"href":"https:\/\/www.vrtec-konjice.si\/index.php?rest_route=\/wp\/v2\/users\/3129"}],"replies":[{"embeddable":true,"href":"https:\/\/www.vrtec-konjice.si\/index.php?rest_route=%2Fwp%2Fv2%2Fcomments&post=4253"}],"version-history":[{"count":14,"href":"https:\/\/www.vrtec-konjice.si\/index.php?rest_route=\/wp\/v2\/pages\/4253\/revisions"}],"predecessor-version":[{"id":12043,"href":"https:\/\/www.vrtec-konjice.si\/index.php?rest_route=\/wp\/v2\/pages\/4253\/revisions\/12043"}],"up":[{"embeddable":true,"href":"https:\/\/www.vrtec-konjice.si\/index.php?rest_route=\/wp\/v2\/pages\/879"}],"wp:attachment":[{"href":"https:\/\/www.vrtec-konjice.si\/index.php?rest_route=%2Fwp%2Fv2%2Fmedia&parent=4253"}],"curies":[{"name":"wp","href":"https:\/\/api.w.org\/{rel}","templated":true}]}}