{"id":3451,"date":"2017-12-11T23:11:11","date_gmt":"2017-12-11T21:11:11","guid":{"rendered":"http:\/\/vrteckonjice.splet.arnes.si\/?page_id=3451"},"modified":"2019-04-30T08:17:18","modified_gmt":"2019-04-30T07:17:18","slug":"erasmus","status":"publish","type":"page","link":"https:\/\/www.vrtec-konjice.si\/?page_id=3451","title":{"rendered":"ERASMUS+"},"content":{"rendered":"<p>[et_pb_section bb_built=&#8221;1&#8243; admin_label=&#8221;section&#8221; background_image=&#8221;http:\/\/vrteckonjice.splet.arnes.si\/files\/2019\/04\/D3FD9FD9-CFC3-4FDB-93DD-AB11E2D0DFD3.jpeg&#8221; parallax=&#8221;on&#8221; parallax_method=&#8221;off&#8221; transparent_background=&#8221;off&#8221; allow_player_pause=&#8221;off&#8221; inner_shadow=&#8221;off&#8221; make_fullwidth=&#8221;off&#8221; use_custom_width=&#8221;off&#8221; width_unit=&#8221;on&#8221; make_equal=&#8221;off&#8221; use_custom_gutter=&#8221;off&#8221;][et_pb_row admin_label=&#8221;Row&#8221;][et_pb_column type=&#8221;4_4&#8243;][et_pb_text admin_label=&#8221;Text&#8221;]<\/p>\n<p style=\"text-align: center\"><a href=\"http:\/\/vrteckonjice.splet.arnes.si\/files\/2016\/07\/EU-flag-Erasmus_vect_POS.png\"><img loading=\"lazy\" decoding=\"async\" class=\"aligncenter wp-image-3251\" src=\"http:\/\/vrteckonjice.splet.arnes.si\/files\/2016\/07\/EU-flag-Erasmus_vect_POS-300x86.png\" alt=\"\" width=\"600\" height=\"171\" srcset=\"https:\/\/www.vrtec-konjice.si\/files\/2016\/07\/EU-flag-Erasmus_vect_POS-300x86.png 300w, https:\/\/www.vrtec-konjice.si\/files\/2016\/07\/EU-flag-Erasmus_vect_POS-768x219.png 768w, https:\/\/www.vrtec-konjice.si\/files\/2016\/07\/EU-flag-Erasmus_vect_POS.png 943w\" sizes=\"(max-width: 600px) 100vw, 600px\" \/><\/a><\/p>\n<p>[\/et_pb_text][et_pb_text admin_label=&#8221;Text&#8221; background_layout=&#8221;dark&#8221; text_font_size=&#8221;18px&#8221; text_orientation=&#8221;justified&#8221; background_color=&#8221;rgba(0,0,0,0.32)&#8221; use_border_color=&#8221;off&#8221; border_color=&#8221;#ffffff&#8221; border_style=&#8221;solid&#8221;]<\/p>\n<p><strong>Erasmus+<\/strong>\u00a0je program EU za sodelovanje na podro\u010dju izobra\u017eevanja, usposabljanja, mladine in \u0161porta za obdobje 2014\u20132020. Program Erasmus+ je namenjen izbolj\u0161anju spretnosti in zaposljivosti mladih ter posodobitvi izobra\u017eevanja in usposabljanja.<\/p>\n<p class=\"alignleft\">Na\u0161 vrtec se je v tem \u0161olskem letu vklju\u010dil v mednarodni projekt Erasmus +, pod naslovom The doll has a soul \u201cDHS\u201d. Cilj projekta je povezati lutko in matematiko ter okrepiti matemati\u010dne ve\u0161\u010dine otrok v pred\u0161olskem obdobju. V projektu so vklju\u010dene pred\u0161olske ustanove iz Tur\u010dije, Gr\u010dije in Slovenije. Vsaka partnerska dr\u017eava bo pripravila zgodbo ali legendo, ki izhaja iz doma\u010dega okoli\u0161a. Na\u0161 vrtec se bo predstavil z \u201cLegendo o konji\u0161kem zmaju.<\/p>\n<a href='https:\/\/www.facebook.com\/vrtec.slovenskekonjice' class='small-button smallblue' target=\"_blank\">FACEBOOK &gt;<\/a>\n<p>[\/et_pb_text][\/et_pb_column][\/et_pb_row][et_pb_row admin_label=&#8221;Row&#8221;][et_pb_column type=&#8221;1_3&#8243;][et_pb_toggle admin_label=&#8221;Toggle&#8221; open=&#8221;on&#8221; use_border_color=&#8221;on&#8221; border_color=&#8221;#7cda24&#8243; custom_padding=&#8221;||20px|&#8221; border_style=&#8221;solid&#8221;]<\/p>\n<p style=\"text-align: center\"><a href=\"http:\/\/vrteckonjice.splet.arnes.si\/files\/2017\/12\/dhs-2.jpg\"><img loading=\"lazy\" decoding=\"async\" class=\"alignnone wp-image-3707 size-medium\" src=\"http:\/\/vrteckonjice.splet.arnes.si\/files\/2017\/12\/dhs-2-300x162.jpg\" alt=\"\" width=\"300\" height=\"162\" srcset=\"https:\/\/www.vrtec-konjice.si\/files\/2017\/12\/dhs-2-300x162.jpg 300w, https:\/\/www.vrtec-konjice.si\/files\/2017\/12\/dhs-2-768x413.jpg 768w, https:\/\/www.vrtec-konjice.si\/files\/2017\/12\/dhs-2.jpg 847w\" sizes=\"(max-width: 300px) 100vw, 300px\" \/><\/a><\/p>\n<p>[\/et_pb_toggle][\/et_pb_column][et_pb_column type=&#8221;1_3&#8243;][et_pb_text admin_label=&#8221;Text&#8221;]<\/p>\n<p style=\"text-align: center\"><a href=\"http:\/\/vrteckonjice.splet.arnes.si\/files\/2017\/12\/SLOVENSKA-ZASTAVA.jpg\"><img loading=\"lazy\" decoding=\"async\" class=\"alignnone size-medium wp-image-3743\" src=\"http:\/\/vrteckonjice.splet.arnes.si\/files\/2017\/12\/SLOVENSKA-ZASTAVA-300x150.jpg\" alt=\"\" width=\"140\" height=\"66\" \/><\/a><\/p>\n<p>[\/et_pb_text][et_pb_text admin_label=&#8221;Text&#8221; background_layout=&#8221;dark&#8221; background_color=&#8221;rgba(25,25,25,0.35)&#8221;]<\/p>\n<h5 style=\"text-align: center\">DOBRNA<\/h5>\n<p>[\/et_pb_text][et_pb_text admin_label=&#8221;Text&#8221; background_layout=&#8221;dark&#8221;]<\/p>\n<p style=\"text-align: center\"><a href=\"http:\/\/vrteckonjice.splet.arnes.si\/files\/2017\/12\/GREECE-FLAG-1-1.jpg\"><img loading=\"lazy\" decoding=\"async\" class=\"alignnone size-medium wp-image-3741\" src=\"http:\/\/vrteckonjice.splet.arnes.si\/files\/2017\/12\/GREECE-FLAG-1-1-300x152.jpg\" alt=\"\" width=\"140\" height=\"70\" srcset=\"https:\/\/www.vrtec-konjice.si\/files\/2017\/12\/GREECE-FLAG-1-1-300x152.jpg 300w, https:\/\/www.vrtec-konjice.si\/files\/2017\/12\/GREECE-FLAG-1-1.jpg 495w\" sizes=\"(max-width: 140px) 100vw, 140px\" \/><\/a><\/p>\n<p>[\/et_pb_text][et_pb_text admin_label=&#8221;Text&#8221; background_layout=&#8221;dark&#8221; background_color=&#8221;rgba(25,25,25,0.35)&#8221;]<\/p>\n<h5 style=\"text-align: center\">RHODES<\/h5>\n<p>[\/et_pb_text][\/et_pb_column][et_pb_column type=&#8221;1_3&#8243;][et_pb_text admin_label=&#8221;Text&#8221; background_layout=&#8221;dark&#8221;]<\/p>\n<p style=\"text-align: center\"><a href=\"http:\/\/vrteckonjice.splet.arnes.si\/files\/2017\/12\/TURKEY-FLAG.jpg\"><img loading=\"lazy\" decoding=\"async\" class=\"alignnone size-medium wp-image-3747\" src=\"http:\/\/vrteckonjice.splet.arnes.si\/files\/2017\/12\/TURKEY-FLAG-300x152.jpg\" alt=\"\" width=\"140\" height=\"82\" \/><\/a><\/p>\n<p>[\/et_pb_text][et_pb_text admin_label=&#8221;Text&#8221; background_layout=&#8221;dark&#8221; background_color=&#8221;rgba(25,25,25,0.35)&#8221;]<\/p>\n<h5 style=\"text-align: center\">ADANA<\/h5>\n<p>[\/et_pb_text][et_pb_text admin_label=&#8221;Text&#8221; text_orientation=&#8221;center&#8221;]<\/p>\n<p><a href=\"http:\/\/vrteckonjice.splet.arnes.si\/files\/2017\/12\/SLOVENSKA-ZASTAVA.jpg\"><img loading=\"lazy\" decoding=\"async\" class=\"alignnone size-medium wp-image-3743\" src=\"http:\/\/vrteckonjice.splet.arnes.si\/files\/2017\/12\/SLOVENSKA-ZASTAVA-300x150.jpg\" alt=\"\" width=\"140\" height=\"83\" \/><\/a><\/p>\n<p>[\/et_pb_text][et_pb_text admin_label=&#8221;Text&#8221; background_layout=&#8221;dark&#8221; background_color=&#8221;rgba(25,0,0,0.35)&#8221; text_orientation=&#8221;left&#8221; use_border_color=&#8221;off&#8221; border_color=&#8221;#ffffff&#8221; border_style=&#8221;solid&#8221;]<\/p>\n<h5 style=\"text-align: center\">SLOV. KONJICE<\/h5>\n<p>[\/et_pb_text][\/et_pb_column][\/et_pb_row][et_pb_row admin_label=&#8221;Row&#8221; make_fullwidth=&#8221;off&#8221; use_custom_width=&#8221;off&#8221; width_unit=&#8221;on&#8221; use_custom_gutter=&#8221;off&#8221; background_color=&#8221;rgba(0,0,0,0.33)&#8221; allow_player_pause=&#8221;off&#8221; parallax=&#8221;off&#8221; parallax_method=&#8221;on&#8221; make_equal=&#8221;off&#8221; parallax_1=&#8221;off&#8221; parallax_method_1=&#8221;off&#8221;][et_pb_column type=&#8221;4_4&#8243;][et_pb_blog admin_label=&#8221;Blog&#8221; fullwidth=&#8221;on&#8221; include_categories=&#8221;13&#8243; show_thumbnail=&#8221;off&#8221; show_content=&#8221;off&#8221; show_more=&#8221;on&#8221; show_author=&#8221;off&#8221; show_date=&#8221;on&#8221; show_categories=&#8221;off&#8221; show_comments=&#8221;off&#8221; show_pagination=&#8221;off&#8221; offset_number=&#8221;0&#8243; use_overlay=&#8221;off&#8221; background_layout=&#8221;dark&#8221; use_dropshadow=&#8221;off&#8221; use_border_color=&#8221;off&#8221; border_color=&#8221;#ffffff&#8221; border_style=&#8221;solid&#8221; posts_number=&#8221;30&#8243; \/][\/et_pb_column][\/et_pb_row][et_pb_row admin_label=&#8221;Row&#8221;][et_pb_column type=&#8221;4_4&#8243;][et_pb_divider admin_label=&#8221;Divider&#8221; height=&#8221;100&#8243; \/][\/et_pb_column][\/et_pb_row][et_pb_row admin_label=&#8221;Row&#8221;][et_pb_column type=&#8221;4_4&#8243;][et_pb_divider admin_label=&#8221;Divider&#8221; height=&#8221;100&#8243; \/][\/et_pb_column][\/et_pb_row][\/et_pb_section]<\/p>\n","protected":false},"excerpt":{"rendered":"<p>Erasmus+\u00a0je program EU za sodelovanje na podro\u010dju izobra\u017eevanja, usposabljanja, mladine in \u0161porta za obdobje 2014\u20132020. Program Erasmus+ je namenjen izbolj\u0161anju spretnosti in zaposljivosti mladih ter posodobitvi izobra\u017eevanja in usposabljanja. Na\u0161 vrtec se je v tem \u0161olskem letu vklju\u010dil v mednarodni projekt Erasmus +, pod naslovom The doll has a soul \u201cDHS\u201d. Cilj projekta je povezati [&hellip;]<\/p>\n","protected":false},"author":3129,"featured_media":0,"parent":2,"menu_order":0,"comment_status":"closed","ping_status":"closed","template":"","meta":{"_et_pb_use_builder":"on","_et_pb_old_content":"","_et_gb_content_width":"","ngg_post_thumbnail":0,"footnotes":""},"class_list":["post-3451","page","type-page","status-publish","hentry"],"_links":{"self":[{"href":"https:\/\/www.vrtec-konjice.si\/index.php?rest_route=\/wp\/v2\/pages\/3451","targetHints":{"allow":["GET"]}}],"collection":[{"href":"https:\/\/www.vrtec-konjice.si\/index.php?rest_route=\/wp\/v2\/pages"}],"about":[{"href":"https:\/\/www.vrtec-konjice.si\/index.php?rest_route=\/wp\/v2\/types\/page"}],"author":[{"embeddable":true,"href":"https:\/\/www.vrtec-konjice.si\/index.php?rest_route=\/wp\/v2\/users\/3129"}],"replies":[{"embeddable":true,"href":"https:\/\/www.vrtec-konjice.si\/index.php?rest_route=%2Fwp%2Fv2%2Fcomments&post=3451"}],"version-history":[{"count":95,"href":"https:\/\/www.vrtec-konjice.si\/index.php?rest_route=\/wp\/v2\/pages\/3451\/revisions"}],"predecessor-version":[{"id":5949,"href":"https:\/\/www.vrtec-konjice.si\/index.php?rest_route=\/wp\/v2\/pages\/3451\/revisions\/5949"}],"up":[{"embeddable":true,"href":"https:\/\/www.vrtec-konjice.si\/index.php?rest_route=\/wp\/v2\/pages\/2"}],"wp:attachment":[{"href":"https:\/\/www.vrtec-konjice.si\/index.php?rest_route=%2Fwp%2Fv2%2Fmedia&parent=3451"}],"curies":[{"name":"wp","href":"https:\/\/api.w.org\/{rel}","templated":true}]}}