{"id":3009,"date":"2017-12-05T21:18:28","date_gmt":"2017-12-05T19:18:28","guid":{"rendered":"http:\/\/vrteckonjice.splet.arnes.si\/?page_id=3009"},"modified":"2019-09-25T06:18:26","modified_gmt":"2019-09-25T05:18:26","slug":"popoldanski-oddelek","status":"publish","type":"page","link":"https:\/\/www.vrtec-konjice.si\/?page_id=3009","title":{"rendered":"6popoldanski oddelek"},"content":{"rendered":"<p>[et_pb_section bb_built=&#8221;1&#8243; admin_label=&#8221;section&#8221; background_image=&#8221;http:\/\/vrteckonjice.splet.arnes.si\/files\/2016\/08\/Blown_dandelions_-_blue_sky_Ugress_p\u00e5_langtur.jpg&#8221; transparent_background=&#8221;off&#8221; allow_player_pause=&#8221;off&#8221; inner_shadow=&#8221;off&#8221; parallax=&#8221;off&#8221; parallax_method=&#8221;on&#8221; make_fullwidth=&#8221;off&#8221; use_custom_width=&#8221;off&#8221; width_unit=&#8221;on&#8221; make_equal=&#8221;off&#8221; use_custom_gutter=&#8221;off&#8221;][et_pb_row admin_label=&#8221;row&#8221;][et_pb_column type=&#8221;4_4&#8243;][et_pb_text admin_label=&#8221;Text&#8221; background_layout=&#8221;dark&#8221; text_orientation=&#8221;center&#8221; use_border_color=&#8221;off&#8221; border_color=&#8221;#ffffff&#8221; border_style=&#8221;solid&#8221; text_font=&#8221;Comfortaa||||&#8221; text_font_size=&#8221;20&#8243; header_font=&#8221;Comfortaa||||&#8221; header_font_size=&#8221;40px&#8221;]<\/p>\n<p style=\"text-align: center\"><span style=\"font-family: Chandas\"><span style=\"font-size: x-large\">OSNOVNE INFORMACIJE O POPOLDANSKEM ODDELKU<\/span><\/span><\/p>\n<p style=\"text-align: left\">\n<ul style=\"text-align: left\">\n<li><span style=\"font-family: Chandas\"><span style=\"font-size: x-large\">Star\u0161i ob podpisu <i>Pogodbe o dolo\u010ditvi medsebojnih pravic in obveznosti star\u0161ev in vrtca<\/i> ozna\u010dijo, da vklju\u010dujejo otroka popoldanski program. Prav tako na upravi vrtca izpolnijo obrazec. <\/span><\/span><\/li>\n<\/ul>\n<ul style=\"text-align: left\">\n<li><span style=\"font-family: Chandas\"><span style=\"font-size: x-large\">Popoldanski oddelek je organiziran v Enoti Prevrat. <\/span><\/span><\/li>\n<\/ul>\n<ul style=\"text-align: left\">\n<li><span style=\"font-family: Chandas\"><span style=\"font-size: x-large\">\u010ce je otrok vklju\u010den v drugo enoto in imajo star\u0161i potrebo po vklju\u010ditvi otroka v popoldanski oddelek, pride do individualnega dogovora z vodstvom vrtca. <\/span><\/span><\/li>\n<\/ul>\n<ul style=\"text-align: left\">\n<li><span style=\"font-family: Chandas\"><span style=\"font-size: x-large\">Vzgojno izobra\u017eevalno delo v oddelku izvaja diplomirana vzgojiteljica, ki dejavnosti na\u010drtuje v skladu z kurikulom za vrtce.<\/span><\/span><\/li>\n<\/ul>\n<ul style=\"text-align: left\">\n<li><span style=\"font-family: Chandas\"><span style=\"font-size: x-large\">Otroci imajo v vrtcu zagotovljene obroke: kosilo, popoldanska malica, ve\u010derja in po potrebi \u0161e ve\u010derna malica. <\/span><\/span><\/li>\n<\/ul>\n<p style=\"text-align: left\">\n<p style=\"text-align: left\">\n<p style=\"text-align: center\"><span style=\"font-family: Chandas\"><span style=\"font-size: x-large\">ORGANIZACIJA POPOLDANSKEGA ODDELKA<\/span><\/span><\/p>\n<p style=\"text-align: left\">\n<ul style=\"text-align: left\">\n<li><span style=\"font-family: Chandas\"><span style=\"font-size: x-large\">Popoldanski oddelek je organiziran kot izmeni\u010dni oddelek, katerega obiskujejo otroci: <\/span><\/span>\n<ul>\n<li><span style=\"font-family: Chandas\"><span style=\"font-size: x-large\">izklju\u010dno popoldan;<\/span><\/span><\/li>\n<li><a name=\"_GoBack\"><\/a> <span style=\"font-family: Chandas\"><span style=\"font-size: x-large\">izmeni\u010dno dopoldan in popoldan.<\/span><\/span><\/li>\n<\/ul>\n<\/li>\n<\/ul>\n<ul style=\"text-align: left\">\n<li><span style=\"font-family: Chandas\"><span style=\"font-size: x-large\">Otroci so vpisani v oddelke, ki so organizirani v dopoldanskem \u010dasu. V vrtec prihajajo v dopoldanskem \u010dasu in nadaljujejo bivanje v popoldanskem oddelku, pri \u010demer velja, da so lahko v vrtcu do 9 ur dnevno.<\/span><\/span><\/li>\n<\/ul>\n<ul style=\"text-align: left\">\n<li><span style=\"font-family: Chandas\"><span style=\"font-size: x-large\">Do 16.30 ure so otroci vklju\u010deni v dopoldanske oddelke, od te ure naprej pa se organizira popoldanski oddelek in obratuje do 20.30 ure. <\/span><\/span><\/li>\n<\/ul>\n<ul style=\"text-align: left\">\n<li><span style=\"font-family: Chandas\"><span style=\"font-size: x-large\">Star\u0161i ob prihodu v vrtec otroka oddajo strokovni delavki oddelka, izjemoma pa strokovni delavki drugega oddelka.<\/span><\/span><\/li>\n<\/ul>\n<ul>\n<li>\n<p style=\"text-align: left\"><span style=\"font-family: Chandas\"><span style=\"font-size: x-large\">Za dodatne informacije v zvezi z popoldanskim oddelkom se lahko obrnete na vodstvo vrtca ali na svetovalno slu\u017ebo. <\/span><\/span><\/p>\n<\/li>\n<\/ul>\n<p>&nbsp;<\/p>\n<p>[\/et_pb_text][\/et_pb_column][\/et_pb_row][\/et_pb_section]<\/p>\n","protected":false},"excerpt":{"rendered":"<p>OSNOVNE INFORMACIJE O POPOLDANSKEM ODDELKU Star\u0161i ob podpisu Pogodbe o dolo\u010ditvi medsebojnih pravic in obveznosti star\u0161ev in vrtca ozna\u010dijo, da vklju\u010dujejo otroka popoldanski program. Prav tako na upravi vrtca izpolnijo obrazec. Popoldanski oddelek je organiziran v Enoti Prevrat. \u010ce je otrok vklju\u010den v drugo enoto in imajo star\u0161i potrebo po vklju\u010ditvi otroka v popoldanski oddelek, [&hellip;]<\/p>\n","protected":false},"author":3129,"featured_media":0,"parent":1349,"menu_order":0,"comment_status":"closed","ping_status":"closed","template":"","meta":{"_et_pb_use_builder":"on","_et_pb_old_content":"<p>\u00a0<\/p><p>\u00a0<\/p><p>\u00a0<\/p><p><a href=\"http:\/\/vrteckonjice.splet.arnes.si\/files\/2017\/12\/POPOLDANSKI-ODDELEK-.pdf\">TUKAJ si lahko preberete zlo\u017eenko POPOLDANSKI ODDELEK<\/a><\/p>","_et_gb_content_width":"","ngg_post_thumbnail":0,"footnotes":""},"class_list":["post-3009","page","type-page","status-publish","hentry"],"_links":{"self":[{"href":"https:\/\/www.vrtec-konjice.si\/index.php?rest_route=\/wp\/v2\/pages\/3009","targetHints":{"allow":["GET"]}}],"collection":[{"href":"https:\/\/www.vrtec-konjice.si\/index.php?rest_route=\/wp\/v2\/pages"}],"about":[{"href":"https:\/\/www.vrtec-konjice.si\/index.php?rest_route=\/wp\/v2\/types\/page"}],"author":[{"embeddable":true,"href":"https:\/\/www.vrtec-konjice.si\/index.php?rest_route=\/wp\/v2\/users\/3129"}],"replies":[{"embeddable":true,"href":"https:\/\/www.vrtec-konjice.si\/index.php?rest_route=%2Fwp%2Fv2%2Fcomments&post=3009"}],"version-history":[{"count":13,"href":"https:\/\/www.vrtec-konjice.si\/index.php?rest_route=\/wp\/v2\/pages\/3009\/revisions"}],"predecessor-version":[{"id":7377,"href":"https:\/\/www.vrtec-konjice.si\/index.php?rest_route=\/wp\/v2\/pages\/3009\/revisions\/7377"}],"up":[{"embeddable":true,"href":"https:\/\/www.vrtec-konjice.si\/index.php?rest_route=\/wp\/v2\/pages\/1349"}],"wp:attachment":[{"href":"https:\/\/www.vrtec-konjice.si\/index.php?rest_route=%2Fwp%2Fv2%2Fmedia&parent=3009"}],"curies":[{"name":"wp","href":"https:\/\/api.w.org\/{rel}","templated":true}]}}